{"id":90,"date":"2013-12-04T20:59:48","date_gmt":"2013-12-04T19:59:48","guid":{"rendered":"https:\/\/dr-aus.pl\/\/?page_id=90"},"modified":"2025-08-05T10:27:14","modified_gmt":"2025-08-05T08:27:14","slug":"cennik","status":"publish","type":"page","link":"https:\/\/dr-aus.pl\/?page_id=90","title":{"rendered":"Cennik"},"content":{"rendered":"<p style=\"margin-left: 9pt;\">Dr ! Aus sp.z.o.o., Borki Prusinowskie 2, 98-240 Szadek, Poland, tel.: +48 508 079 469 , dr_aus@wp.pl<\/p>\r\n<p style=\"margin-left: 200px;\">\u00a0 \u00a0 \u00a0 \u00a0 \u00a0\u00a0 28.07.2025<br \/>Cennik detaliczny brutto<\/p>\r\n<p>Model\u00a0\u00a0\u00a0\u00a0\u00a0\u00a0\u00a0\u00a0\u00a0\u00a0\u00a0\u00a0\u00a0\u00a0\u00a0\u00a0\u00a0\u00a0\u00a0 cena\u00a0\u00a0\u00a0 nap\u0119d \u00a0\u00a0 moc RMS\/impedancja, pasmo, waga \u00a0\u00a0\u00a0\u00a0\u00a0\u00a0\u00a0\u00a0\u00a0\u00a0\u00a0 zastosowanie<\/p>\r\n<p><strong>seria PRO\u00a0\u00a0\u00a0 ( pokrycie Polyurea\u00a0 w std)<br \/><\/strong>\u00a0\u00a0 &#8211; subwoofery tubowe serii HFxx &#8211; \u00a0 \u00a0 \u00a0 \u00a0 \u00a0 \u00a0 (cyfra xx oznacza adekwatn\u0105 powierzchni\u0119 wylotu w dm^2)<strong><br \/><\/strong>HF35 infrasub\u00a0\u00a0 \u00a0 6970 \u00a0 \u00a0\u00a0 6&#8221; \u00a0\u00a0\u00a0\u00a0\u00a0\u00a0\u00a0\u00a0 \u00a0\u00a0 2,4kW \/8ohm \u00a0 \u00a0 27-127Hz \u00a0 \u00a0 \u00a0\u00a0\u00a0\u00a0 68kg\u00a0\u00a0\u00a0 \u00a0 \u00a0 21&#8221; tubowy (5dB zysku)<br \/>HF34 infrasub\u00a0\u00a0\u00a0\u00a0 6700\u00a0\u00a0 \u00a0\u00a0 5,3&#8221; \u00a0\u00a0 \u00a0 \u00a0 \u00a0 1,8kW \/ 8ohm\u00a0\u00a0\u00a0\u00a0 28-145Hz\u00a0\u00a0\u00a0\u00a0 \u00a0 \u00a0 69kg\u00a0\u00a0 \u00a0\u00a0\u00a0\u00a0 18&#8221; (5dB zysku) zalecany 33 lub 35<br \/>HF33 infrasub\u00a0 \u00a0\u00a0 5630\u00a0 \u00a0 \u00a0 4,5&#8221; \u00a0 \u00a0 \u00a0 \u00a0\u00a0 1,7kW \/ 8ohm\u00a0\u00a0\u00a0\u00a0\u00a0 28-140Hz\u00a0\u00a0\u00a0\u00a0\u00a0\u00a0\u00a0 68kg\u00a0\u00a0 \u00a0 \u00a0\u00a0 18&#8221; tubowy (4dB zysku)<br \/>HF24 infrasub\u00a0\u00a0\u00a0\u00a0 4900\u00a0 \u00a0\u00a0 4,5&#8221; \u00a0\u00a0 \u00a0 \u00a0\u00a0\u00a0 1,7kW \/ 8ohm\u00a0\u00a0\u00a0\u00a0\u00a0 31-150Hz\u00a0\u00a0\u00a0 \u00a0 \u00a0 44kg\u00a0\u00a0\u00a0\u00a0\u00a0\u00a0\u00a0 18&#8221; tubowy (3dB zysku), po\u017cera r\u00f3\u017cne<br \/>HF18 infrasub\u00a0\u00a0\u00a0\u00a0 4390 \u00a0\u00a0 \u00a0 4,5&#8221;\u00a0\u00a0\u00a0\u00a0\u00a0\u00a0 \u00a0 1,7kW \/ 8ohm\u00a0\u00a0\u00a0\u00a0\u00a0 31-145Hz\u00a0\u00a0\u00a0 \u00a0\u00a0 \u00a0 35kg \u00a0\u00a0\u00a0\u00a0\u00a0\u00a0 18&#8221;\u00a0 po\u017cera mc715, STK210<br \/>HF16\u00a0 sub \u00a0\u00a0\u00a0\u00a0\u00a0\u00a0\u00a0\u00a0\u00a0\u00a0\u00a0 3990\u00a0\u00a0 \u00a0 4,5&#8221; \u00a0\u00a0\u00a0\u00a0\u00a0\u00a0\u00a0 1,7kW \/ 8ohm\u00a0\u00a0\u00a0\u00a0\u00a0 33-150Hz\u00a0\u00a0\u00a0\u00a0 \u00a0 \u00a0 32kg \u00a0\u00a0\u00a0\u00a0\u00a0\u00a0 15&#8221; mobilny, po\u017cera STK210 \/RAT<br \/>HF11\u00a0 sub \u00a0 \u00a0 \u00a0\u00a0 \u00a0 \u00a0\u00a0 3760 \u00a0\u00a0 \u00a0 4,5&#8221;\u00a0\u00a0\u00a0\u00a0\u00a0\u00a0\u00a0 1,7kW \/ 8ohm\u00a0\u00a0\u00a0\u00a0\u00a0 34-140Hz\u00a0\u00a0\u00a0 \u00a0\u00a0 \u00a0 29kg \u00a0\u00a0\u00a0\u00a0\u00a0\u00a0 15&#8221;\u00a0 po\u017cera MC610, STK208<br \/><br \/>\u00a0\u00a0 -\u017ar\u00f3d\u0142a punktowe &#8211;<br \/>STK212 \u00a0 \u00a0\u00a0 \u00a0 \u00a0 \u00a0\u00a0 \u00a0 \u00a0 4900\u00a0 2&#215;3&#8221;+4&#8221;\u00a0 \u00a0 \u00a0 1200W \/4ohm\u00a0\u00a0\u00a0\u00a0\u00a0 80Hz-20kHz\u00a0\u00a0\u00a0\u00a0 21kg\u00a0\u00a0\u00a0\u00a0\u00a0\u00a0 2x 12&#8221; ma\u0142y plener<br \/>STK210 \u00a0 \u00a0\u00a0 \u00a0 \u00a0 \u00a0\u00a0 \u00a0 \u00a0 4200\u00a0\u00a0 2&#215;3&#8221;+3&#8221;\u00a0 \u00a0 \u00a0 1200W \/4ohm\u00a0\u00a0\u00a0\u00a0\u00a0 98Hz-20kHz\u00a0\u00a0\u00a0\u00a0 16kg\u00a0\u00a0\u00a0\u00a0\u00a0\u00a0 2x 10&#8221; uniwersalna (wsad do HF16\/18)<br \/>STK208 \u00a0 \u00a0\u00a0 \u00a0 \u00a0 \u00a0\u00a0 \u00a0 \u00a0 3100\u00a0\u00a0 2&#215;3&#8221;+1.75&#8221; 1000W \/4ohm\u00a0\u00a0\u00a0\u00a0 88Hz-20kHz\u00a0 \u00a0\u00a0 13kg\u00a0\u00a0\u00a0\u00a0\u00a0\u00a0 2x 8&#8221; zesp\u00f3\u0142,\u00a0\u00a0 (wsad do HF11\/16)<br \/>MC610 sat\/mon\u00a0 2790\u00a0\u00a0 3&#8221;+1,75&#8221; \u00a0 \u00a0\u00a0 600W \/8ohm\u00a0\u00a0\u00a0\u00a0\u00a0 99Hz-20kHz\u00a0 \u00a0 \u00a0 11kg\u00a0\u00a0\u00a0\u00a0\u00a0\u00a0 10&#8221; sat\/mon\u00a0 (wsad do HF11\/12)<br \/>STK712M\u00a0 sat \u00a0\u00a0\u00a0 \u00a0 3300\u00a0\u00a0 3,5&#8221;+3&#8221; \u00a0\u00a0 \u00a0\u00a0 700W \/8ohm\u00a0\u00a0\u00a0\u00a0\u00a0\u00a0 90Hz-20kHz\u00a0\u00a0\u00a0\u00a0 14kg\u00a0\u00a0\u00a0\u00a0\u00a0\u00a0 12&#8221; uniwersalna sat\/mon (wsad do HF19)<br \/>MC512CX\u00a0 mon \u00a0\u00a0 3410\u00a0\u00a0 3&#8221;+ 2.5&#8221; \u00a0 \u00a0\u00a0 500W \/8ohm\u00a0\u00a0\u00a0\u00a0\u00a0\u00a0 88Hz-20kHz \u00a0 \u00a0 16kg\u00a0\u00a0\u00a0\u00a0\u00a0\u00a0 12&#8221; monitor\/satelita koaksjalny <br \/><br \/>-systemy wyr\u00f3wnane liniowo-<br \/>HLA35\u00a0\u00a0\u00a0\u00a0\u00a0\u00a0\u00a0\u00a0\u00a0\u00a0\u00a0\u00a0\u00a0\u00a0 \u00a0\u00a0 8900\u00a0\u00a0 3&#8221;+2&#8221;+1,75&#8221;\u00a0 1000W\/8ohm \u00a0 90Hz-20kHz\u00a0\u00a0\u00a0\u00a0 31kg\u00a0\u00a0\u00a0\u00a0\u00a0\u00a0 tubowy line array dalekiego zasi\u0119gu<br \/>HLA15 \u00a0\u00a0\u00a0\u00a0\u00a0\u00a0\u00a0\u00a0\u00a0\u00a0\u00a0 \u00a0\u00a0 \u00a0 6690\u00a0\u00a0\u00a0 3,5&#8221;+4&#8221; \u00a0 \u00a0 \u00a0 \u00a0 800W\/ 8ohm\u00a0\u00a0\u00a0\u00a0 50Hz-20kHz\u00a0 \u00a0\u00a0 26kg\u00a0\u00a0\u00a0\u00a0\u00a0\u00a0\u00a0 tubowy line array \u015bredniego zasi\u0119gu<br \/>HLA10 \u00a0\u00a0\u00a0\u00a0\u00a0\u00a0\u00a0\u00a0\u00a0\u00a0\u00a0\u00a0\u00a0\u00a0\u00a0\u00a0 4490\u00a0\u00a0\u00a0 3,5&#8221;+3&#8221; \u00a0 \u00a0 \u00a0 \u00a0 700W\/ 8ohm\u00a0\u00a0\u00a0\u00a0 70Hz-20kHz\u00a0 \u00a0\u00a0 19kg\u00a0\u00a0\u00a0\u00a0\u00a0\u00a0\u00a0 tubowy line array \u015bredniego zasi\u0119gu<br \/>RAT82\u00a0\u00a0\u00a0\u00a0\u00a0\u00a0\u00a0\u00a0 \u00a0 \u00a0 \u00a0\u00a0 \u00a0 tbd \u00a0\u00a0 3&#8221;+2&#8221;+1,75&#8221;\u00a0\u00a0 500W\/8 +250W\/16 \u00a0\u00a0\u00a0\u00a0\u00a0\u00a0\u00a0\u00a0\u00a0\u00a0\u00a0\u00a0\u00a0\u00a0\u00a0\u00a0\u00a0\u00a0\u00a0\u00a0\u00a0\u00a0\u00a0 unikalny system zintegrowany z architektonik\u0105<br \/><br \/><strong>seria Classic\u00a0\u00a0\u00a0 <br \/><\/strong>\u00a0\u00a0 -subwoofery<strong>&#8211;<br \/><\/strong>RS28 \u00a0 \u00a0 sub \u00a0 \u00a0\u00a0\u00a0\u00a0\u00a0\u00a0 6900 \u00a0\u00a0\u00a0 4,5&#8221; \u00a0\u00a0\u00a0 \u00a0 \u00a0\u00a0 3,4kW \/ 8ohm\u00a0\u00a0\u00a0\u00a0 26-250Hz\u00a0\u00a0\u00a0\u00a0 \u00a0\u00a0 69kg\u00a0\u00a0\u00a0\u00a0\u00a0\u00a0 2x 18&#8221; bas-reflks z laminarnym portem<br \/>R18 \u00a0 \u00a0 \u00a0\u00a0 sub \u00a0 \u00a0\u00a0\u00a0\u00a0\u00a0 2980\u00a0\u00a0 \u00a0\u00a0 4&#8221; \u00a0 \u00a0\u00a0 \u00a0 \u00a0\u00a0 1,5kW \/ 8ohm\u00a0\u00a0\u00a0\u00a0\u00a0 45-140Hz\u00a0\u00a0\u00a0\u00a0\u00a0\u00a0\u00a0 35kg\u00a0\u00a0\u00a0\u00a0\u00a0\u00a0\u00a0 18&#8221; bas-refeks <br \/>DN015\u00a0 sub \u00a0 \u00a0 \u00a0 \u00a0\u00a0\u00a0 2210\u00a0\u00a0\u00a0 \u00a0 4&#8221;\u00a0 \u00a0\u00a0\u00a0 \u00a0 \u00a0 1000W \/ 8ohm\u00a0 \u00a0\u00a0\u00a0 25-300Hz\u00a0\u00a0\u00a0\u00a0\u00a0\u00a0 28kg \u00a0\u00a0\u00a0\u00a0\u00a0\u00a0 15&#8221; mobilny bas (wersja pasywna)<br \/>HF40 kicksub\u00a0\u00a0\u00a0\u00a0\u00a0\u00a0 tbd \u00a0\u00a0\u00a0\u00a0 4&#8221; \u00a0 \u00a0 \u00a0 \u00a0\u00a0 1,5kW \/ 8ohm\u00a0\u00a0\u00a0 \u00a0\u00a0 32-220Hz\u00a0\u00a0\u00a0\u00a0\u00a0\u00a0\u00a0 75kg\u00a0\u00a0\u00a0\u00a0\u00a0\u00a0\u00a0 18&#8221; tubowy old scool z mocnym kickiem<br \/><br \/>\u00a0\u00a0 -wyr\u00f3wnane liniowo-<br \/>L835\u00a0\u00a0\u00a0\u00a0\u00a0\u00a0\u00a0\u00a0\u00a0\u00a0\u00a0\u00a0\u00a0\u00a0\u00a0\u00a0\u00a0\u00a0\u00a0\u00a0 tbd \u00a0\u00a0\u00a0\u00a0\u00a0 1&#8221; \u00a0\u00a0\u00a0\u00a0\u00a0\u00a0 \u00a0\u00a0\u00a0 \u00a0 240W\/8ohm\u00a0\u00a0\u00a0\u00a0\u00a0 110Hz-18kHz\u00a0\u00a0\u00a0 9kg\u00a0\u00a0\u00a0\u00a0\u00a0\u00a0 s\u0142upek jednodro\u017cny 8x 3,5&#8221; <br \/>LA12 \u00a0\u00a0\u00a0\u00a0\u00a0\u00a0\u00a0\u00a0\u00a0\u00a0\u00a0 \u00a0\u00a0 \u00a0\u00a0\u00a0\u00a0 4970\u00a0\u00a0 3&#8221;+1,75&#8221;\u00a0 \u00a0\u00a0 \u00a0 700W\/ 8ohm\u00a0\u00a0\u00a0\u00a0 90Hz-20kHz\u00a0 \u00a0 20kg\u00a0\u00a0\u00a0\u00a0\u00a0\u00a0 asymetryczna line array<br \/><br \/>\u00a0-\u017ar\u00f3d\u0142a punktowe-<br \/>MC108 sat \u00a0 \u00a0\u00a0 \u00a0\u00a0 \u00a0\u00a0 1490 \u00a0\u00a0\u00a0\u00a0\u00a0 2&#8221; \u00a0\u00a0 \u00a0 \u00a0 \u00a0 \u00a0 250W \/8ohm\u00a0\u00a0\u00a0\u00a0\u00a0\u00a0\u00a0\u00a0\u00a0 90-20kHz \u00a0 \u00a0\u00a0 \u00a0 7kg\u00a0\u00a0\u00a0\u00a0\u00a0\u00a0 8&#8221; koaksjalna: ma\u0142y DJ, kino, (wsad 2szt do HF12)<br \/>DN012 \u00a0 sat \u00a0 \u00a0\u00a0\u00a0 \u00a0\u00a0 2390 \u00a0\u00a0\u00a0\u00a0 3&#8221;+2&#8221; \u00a0\u00a0 \u00a0\u00a0\u00a0 400W \/8ohm\u00a0\u00a0\u00a0\u00a0\u00a0\u00a0\u00a0 80-20kHz\u00a0 \u00a0\u00a0 \u00a0\u00a0 14kg\u00a0\u00a0\u00a0\u00a0\u00a0 12&#8221; koaksjalna sat<br \/>STK512M\u00a0 sat\u00a0\u00a0 \u00a0\u00a0\u00a0 2990\u00a0\u00a0\u00a0\u00a0 3&#8221;+1.75&#8221;\u00a0 \u00a0\u00a0 600W \/8ohm\u00a0\u00a0\u00a0\u00a0\u00a0\u00a0 90Hz-20kHz\u00a0\u00a0 13kg\u00a0\u00a0 \u00a0\u00a0 12&#8221; zesp\u00f3\u0142, DJ mobilny<br \/>MC412CX mon\u00a0 \u00a0\u00a0 2700\u00a0\u00a0\u00a0 3&#8221;+2&#8221;\u00a0 \u00a0 \u00a0 \u00a0 \u00a0 400W \/8ohm\u00a0 \u00a0 \u00a0\u00a0 80Hz-20kHz\u00a0\u00a0 14kg\u00a0\u00a0\u00a0\u00a0\u00a0 12&#8221; monitor koaksjalny <br \/><br \/><strong>Wzmacniacz Seria D (wysoko\u015b\u0107 1U, klasa D)<br \/><\/strong>D5022 \u00a0\u00a0\u00a0\u00a0\u00a0\u00a0\u00a0\u00a0\u00a0\u00a0 4840 \u00a0\u00a0\u00a0\u00a0\u00a0 5kW@4ohm mostek, 2&#215;2,5kW @2ohm \u00a0 \u00a0 \u00a0 \u00a0\u00a0 \u00a0\u00a0 7kg\u00a0 \u00a0 \u00a0\u00a0 2x HF11\/16\/18\/24\/33\/35<br \/>D3024 \u00a0\u00a0\u00a0\u00a0\u00a0\u00a0\u00a0\u00a0\u00a0\u00a0 3920\u00a0\u00a0\u00a0\u00a0\u00a0\u00a0 2x 1,5kW @4ohm \u00a0\u00a0\u00a0\u00a0\u00a0\u00a0\u00a0\u00a0\u00a0\u00a0\u00a0\u00a0\u00a0\u00a0\u00a0\u00a0\u00a0\u00a0\u00a0\u00a0\u00a0\u00a0 \u00a0\u00a0\u00a0\u00a0\u00a0\u00a0 \u00a0 \u00a0 \u00a0 \u00a0 \u00a0 \u00a0 \u00a0 \u00a0\u00a0 6kg\u00a0 \u00a0\u00a0 \u00a0 4x sat 8ohm lub 2x stk210<br \/>D7024 \u00a0\u00a0\u00a0\u00a0\u00a0\u00a0\u00a0\u00a0\u00a0\u00a0 6800 \u00a0\u00a0\u00a0\u00a0\u00a0 2x 3,5kW @4ohm \u00a0 \u00a0 \u00a0 \u00a0 \u00a0 \u00a0 \u00a0 \u00a0 \u00a0 \u00a0 \u00a0 \u00a0 \u00a0 \u00a0 \u00a0 \u00a0 \u00a0 \u00a0 \u00a0 \u00a0\u00a0 \u00a0 \u00a0 \u00a0 9kg\u00a0 \u00a0 \u00a0 4x HF11\/16\/18<\/p>\r\n<p><strong>Wzmacniacz Seria H (wysoko\u015b\u0107 2U, klasa 3H)\u00a0\u00a0\u00a0\u00a0\u00a0\u00a0\u00a0\u00a0\u00a0\u00a0 <span style=\"color: #33cccc;\"><a href=\"https:\/\/dr-aus.pl\/\/?portfolio=h-seria\"><span style=\"color: #33cccc;\">&gt;wi\u0119cej tutaj&lt;<\/span><\/a><\/span><\/strong><br \/>H4022 \u00a0\u00a0\u00a0\u00a0\u00a0\u00a0\u00a0\u00a0\u00a0\u00a0 4990 \u00a0\u00a0\u00a0\u00a0\u00a0 4kW @4ohm mostek, 2x2kW @ 2ohm\u00a0\u00a0\u00a0\u00a0\u00a0\u00a0 \u00a0 \u00a0\u00a0 2x HF16\/24\/33\/34<br \/>H2448 \u00a0\u00a0\u00a0\u00a0\u00a0\u00a0\u00a0\u00a0\u00a0\u00a0 6120\u00a0\u00a0\u00a0\u00a0\u00a0\u00a0 2x 1,2kW @4ohm 2x 0,6kW\/8ohm\u00a0 \u00a0 \u00a0 \u00a0\u00a0\u00a0\u00a0\u00a0\u00a0\u00a0 \u00a0 \u00a0 6mon(4tory); 4x Sat,\u00a0 2x sat+hf24, RATmid\/hi+hf24<br \/>H3640 \u00a0\u00a0\u00a0\u00a0\u00a0\u00a0\u00a0\u00a0\u00a0 4990\u00a0\u00a0\u00a0\u00a0\u00a0\u00a0 2x 1,4kW @2ohm +2x500W@8ohm \u00a0 \u00a0 \u00a0 \u00a0 \u00a0\u00a0 \u00a0 \u00a0 2x HF11\/18 + 2x sat<br \/>H3022 \u00a0\u00a0\u00a0\u00a0\u00a0\u00a0\u00a0\u00a0\u00a0\u00a0 4300\u00a0\u00a0\u00a0\u00a0\u00a0\u00a0 3kW @4ohm mostek, 2&#215;1,5kW @ 2ohm\u00a0\u00a0\u00a0\u00a0 \u00a0 \u00a0 2x HF11\/18<br \/>H2424 \u00a0\u00a0\u00a0\u00a0\u00a0\u00a0\u00a0\u00a0\u00a0\u00a0 3480 \u00a0\u00a0\u00a0\u00a0\u00a0 2x 1,2kW @4ohm \u00a0\u00a0\u00a0\u00a0\u00a0\u00a0\u00a0\u00a0\u00a0\u00a0\u00a0\u00a0\u00a0\u00a0\u00a0\u00a0\u00a0\u00a0\u00a0\u00a0\u00a0\u00a0 \u00a0\u00a0\u00a0\u00a0\u00a0\u00a0\u00a0\u00a0\u00a0\u00a0\u00a0\u00a0\u00a0\u00a0\u00a0 \u00a0\u00a0 \u00a0\u00a0 \u00a0\u00a0 4x sat lub 2xstk210 lub 8xHi (driver)<br \/>H1228 \u00a0\u00a0\u00a0\u00a0\u00a0\u00a0\u00a0\u00a0\u00a0\u00a0 2780\u00a0\u00a0\u00a0\u00a0\u00a0\u00a0 2x 600W @8ohm \u00a0\u00a0\u00a0\u00a0\u00a0\u00a0\u00a0\u00a0\u00a0\u00a0\u00a0\u00a0\u00a0\u00a0\u00a0\u00a0\u00a0\u00a0\u00a0\u00a0\u00a0\u00a0 \u00a0\u00a0\u00a0\u00a0\u00a0\u00a0\u00a0\u00a0\u00a0\u00a0\u00a0\u00a0\u00a0\u00a0\u00a0 \u00a0\u00a0 \u00a0 \u00a0\u00a0 \u00a0 2x sat<br \/>H4040 \u00a0\u00a0\u00a0\u00a0\u00a0\u00a0\u00a0\u00a0\u00a0 tbd\u00a0 \u00a0\u00a0\u00a0\u00a0\u00a0 2x 1,5kW @2ohm +2x500W@8ohm \u00a0 \u00a0 \u00a0 \u00a0 \u00a0 \u00a0 \u00a0\u00a0 dwa wzm w jednej obudowie \/ niezale\u017cne zasilanie<br \/><br \/><strong>Wzmacniacz Seria HA (wysoko\u015b\u0107 3U, klasa 3H)<\/strong><br \/>HA7001 \u00a0\u00a0\u00a0\u00a0\u00a0\u00a0\u00a0\u00a0 6400\u00a0\u00a0\u00a0\u00a0\u00a0 7kW @2ohm\u00a0 mostek, 2&#215;3,5kW@1ohm\u00a0 \u00a0 \u00a0 \u00a0 \u00a0 4x HF24 lub HF33 lub HF34<br \/>HA6000\u00a0\u00a0\u00a0\u00a0\u00a0\u00a0\u00a0\u00a0\u00a0 6400\u00a0\u00a0\u00a0\u00a0 6kW @4ohm mostek, 2x3kW @2ohm\u00a0\u00a0\u00a0\u00a0\u00a0\u00a0\u00a0\u00a0\u00a0\u00a0\u00a0\u00a0 <br \/><br \/>\u00a0-wycofane-<br \/>HF30, 32 -&gt; zalecana HF24 lub HF33<br \/>HF12, HF19 -&gt; produkt w stadium wygaszania, zalecane HF11 i HF18<br \/>STK612 -&gt; zalecana STK712<br \/><br \/>Uwagi:<br \/>-stale d\u0105\u017cymy do ulepszania swoich produkt\u00f3w. Z tego powodu specyfikacja mo\u017ce ulec zmianie.<br \/>-rabat zale\u017cny od profilu wsp\u00f3\u0142pracy<br \/>-impedancja znamionowa podawana dla wzmacniaczach jest zalecana do pracy ci\u0105g\u0142ej, r\u00f3wnie\u017c w trudnych warunkach.<\/p>\r\n\r\n<p>&nbsp;<\/p>\r\n","protected":false},"excerpt":{"rendered":"<p>Dr ! Aus sp.z.o.o., Borki Prusinowskie 2, 98-240 Szadek, Poland, tel.: +48 508 079 469 , dr_aus@wp.pl \u00a0 \u00a0 \u00a0 \u00a0 \u00a0\u00a0 28.07.2025Cennik detaliczny brutto Model\u00a0\u00a0\u00a0\u00a0\u00a0\u00a0\u00a0\u00a0\u00a0\u00a0\u00a0\u00a0\u00a0\u00a0\u00a0\u00a0\u00a0\u00a0\u00a0 cena\u00a0\u00a0\u00a0 nap\u0119d \u00a0\u00a0 moc RMS\/impedancja, pasmo, waga \u00a0\u00a0\u00a0\u00a0\u00a0\u00a0\u00a0\u00a0\u00a0\u00a0\u00a0 zastosowanie seria PRO\u00a0\u00a0\u00a0 ( pokrycie Polyurea\u00a0 w std)\u00a0\u00a0 &#8211; subwoofery tubowe serii HFxx &#8211; \u00a0 \u00a0 \u00a0 \u00a0 \u00a0 \u00a0 (cyfra xx oznacza adekwatn\u0105 powierzchni\u0119 wylotu w dm^2)HF35 infrasub\u00a0\u00a0 \u00a0 6970 \u00a0 \u00a0\u00a0 6&#8221; \u00a0\u00a0\u00a0\u00a0\u00a0\u00a0\u00a0\u00a0 \u00a0\u00a0 2,4kW \/8ohm \u00a0 \u00a0 27-127Hz \u00a0 \u00a0 \u00a0\u00a0\u00a0\u00a0 68kg\u00a0\u00a0\u00a0 \u00a0 \u00a0 21&#8221; tubowy (5dB zysku)HF34 infrasub\u00a0\u00a0\u00a0\u00a0 6700\u00a0\u00a0 \u00a0\u00a0 5,3&#8221; \u00a0\u00a0 \u00a0 \u00a0 \u00a0 1,8kW \/ 8ohm\u00a0\u00a0\u00a0\u00a0 28-145Hz\u00a0\u00a0\u00a0\u00a0 \u00a0 \u00a0 69kg\u00a0\u00a0 \u00a0\u00a0\u00a0\u00a0 18&#8221; (5dB zysku) zalecany 33 lub 35HF33 infrasub\u00a0 \u00a0\u00a0 5630\u00a0 \u00a0 \u00a0 4,5&#8221; \u00a0 \u00a0 \u00a0 \u00a0\u00a0 1,7kW \/ 8ohm\u00a0\u00a0\u00a0\u00a0\u00a0 28-140Hz\u00a0\u00a0\u00a0\u00a0\u00a0\u00a0\u00a0 68kg\u00a0\u00a0 \u00a0 \u00a0\u00a0 18&#8221; tubowy (4dB zysku)HF24 infrasub\u00a0\u00a0\u00a0\u00a0 4900\u00a0 \u00a0\u00a0 4,5&#8221; \u00a0\u00a0 \u00a0 \u00a0\u00a0\u00a0 1,7kW \/ 8ohm\u00a0\u00a0\u00a0\u00a0\u00a0 31-150Hz\u00a0\u00a0\u00a0 \u00a0 \u00a0 44kg\u00a0\u00a0\u00a0\u00a0\u00a0\u00a0\u00a0 18&#8221; tubowy (3dB zysku), po\u017cera r\u00f3\u017cneHF18 infrasub\u00a0\u00a0\u00a0\u00a0 4390 \u00a0\u00a0 \u00a0 4,5&#8221;\u00a0\u00a0\u00a0\u00a0\u00a0\u00a0 \u00a0 1,7kW \/ 8ohm\u00a0\u00a0\u00a0\u00a0\u00a0 31-145Hz\u00a0\u00a0\u00a0 \u00a0\u00a0 \u00a0 35kg \u00a0\u00a0\u00a0\u00a0\u00a0\u00a0 18&#8221;\u00a0 po\u017cera mc715, STK210HF16\u00a0 sub \u00a0\u00a0\u00a0\u00a0\u00a0\u00a0\u00a0\u00a0\u00a0\u00a0\u00a0 3990\u00a0\u00a0 \u00a0 4,5&#8221; \u00a0\u00a0\u00a0\u00a0\u00a0\u00a0\u00a0 1,7kW \/ 8ohm\u00a0\u00a0\u00a0\u00a0\u00a0 33-150Hz\u00a0\u00a0\u00a0\u00a0 \u00a0 \u00a0 32kg \u00a0\u00a0\u00a0\u00a0\u00a0\u00a0 15&#8221; mobilny, po\u017cera STK210 \/RATHF11\u00a0 sub \u00a0 \u00a0 \u00a0\u00a0 \u00a0 \u00a0\u00a0 3760 \u00a0\u00a0 \u00a0 4,5&#8221;\u00a0\u00a0\u00a0\u00a0\u00a0\u00a0\u00a0 1,7kW \/ 8ohm\u00a0\u00a0\u00a0\u00a0\u00a0 34-140Hz\u00a0\u00a0\u00a0 [&hellip;]<\/p>\n","protected":false},"author":1,"featured_media":0,"parent":0,"menu_order":0,"comment_status":"open","ping_status":"open","template":"template-full-width.php","meta":{"footnotes":""},"_links":{"self":[{"href":"https:\/\/dr-aus.pl\/index.php?rest_route=\/wp\/v2\/pages\/90"}],"collection":[{"href":"https:\/\/dr-aus.pl\/index.php?rest_route=\/wp\/v2\/pages"}],"about":[{"href":"https:\/\/dr-aus.pl\/index.php?rest_route=\/wp\/v2\/types\/page"}],"author":[{"embeddable":true,"href":"https:\/\/dr-aus.pl\/index.php?rest_route=\/wp\/v2\/users\/1"}],"replies":[{"embeddable":true,"href":"https:\/\/dr-aus.pl\/index.php?rest_route=%2Fwp%2Fv2%2Fcomments&post=90"}],"version-history":[{"count":204,"href":"https:\/\/dr-aus.pl\/index.php?rest_route=\/wp\/v2\/pages\/90\/revisions"}],"predecessor-version":[{"id":1440,"href":"https:\/\/dr-aus.pl\/index.php?rest_route=\/wp\/v2\/pages\/90\/revisions\/1440"}],"wp:attachment":[{"href":"https:\/\/dr-aus.pl\/index.php?rest_route=%2Fwp%2Fv2%2Fmedia&parent=90"}],"curies":[{"name":"wp","href":"https:\/\/api.w.org\/{rel}","templated":true}]}}