{"id":6,"date":"2013-12-04T12:54:25","date_gmt":"2013-12-04T12:54:25","guid":{"rendered":"https:\/\/dr-aus.pl\/\/?page_id=6"},"modified":"2022-10-10T06:43:59","modified_gmt":"2022-10-10T04:43:59","slug":"home","status":"publish","type":"page","link":"https:\/\/dr-aus.pl\/","title":{"rendered":"Profesjonalne systemy nag\u0142o\u015bnieniowe."},"content":{"rendered":"<p>Od 2008 roku firma Dr!aus zajmuje si\u0119 kompleksowo projektowaniem, wdra\u017caniem , produkcj\u0105, instalacj\u0105 nowoczesnych klasycznych, modnych,\u00a0 innowacyjnych system\u00f3w nag\u0142o\u015bnieniowych. Nasze systemy opieramy o najlepsze dost\u0119pne g\u0142o\u015bniki, kt\u00f3re sprowadzamy z ca\u0142ego \u015bwiata. Koncepcje powstaj\u0105 w oparciu o wieloletnie do\u015bwiadczenie, na podstawie setek test\u00f3w por\u00f3wnawczych, opinii ludzi z bran\u017cy. Pomiary wymagaj\u0105ce dok\u0142adno\u015bci wykonujemy w najlepszych warunkach &#8211; w wolnej przestrzeni z dala od wielkomiejskiej g\u0119stej zabudowy. Nasze zestawy wykonujemy z wysokiej jako\u015bci sklejki i pokrywamy\u00a0 nowoczesn\u0105 trwa\u0142\u0105 pow\u0142ok\u0105 polyurea. W\u015br\u00f3d naszych produkt\u00f3w mo\u017cna znale\u017a\u0107 rozwi\u0105zania, kt\u00f3re nie maj\u0105 swoich odpowiednik\u00f3w, zach\u0119camy zatem do przetestowania naszych produkt\u00f3w i do wsp\u00f3\u0142pracy.<br \/>\n<img loading=\"lazy\" decoding=\"async\" class=\"alignnone  wp-image-1371\" src=\"https:\/\/dr-aus.pl\/wp-content\/uploads\/2022\/10\/czolowka-100x50.jpg\" alt=\"\" width=\"718\" height=\"359\" srcset=\"https:\/\/dr-aus.pl\/wp-content\/uploads\/2022\/10\/czolowka-100x50.jpg 100w, https:\/\/dr-aus.pl\/wp-content\/uploads\/2022\/10\/czolowka-1024x511.jpg 1024w, https:\/\/dr-aus.pl\/wp-content\/uploads\/2022\/10\/czolowka-768x383.jpg 768w, https:\/\/dr-aus.pl\/wp-content\/uploads\/2022\/10\/czolowka-1536x766.jpg 1536w, https:\/\/dr-aus.pl\/wp-content\/uploads\/2022\/10\/czolowka-2048x1021.jpg 2048w, https:\/\/dr-aus.pl\/wp-content\/uploads\/2022\/10\/czolowka-560x279.jpg 560w\" sizes=\"(max-width: 718px) 100vw, 718px\" \/><\/p>\n<p><a href=\"https:\/\/dr-aus.pl\/\/wp-content\/uploads\/2020\/06\/22xnd950-bia-.png\"><img loading=\"lazy\" decoding=\"async\" class=\"alignnone wp-image-1259\" src=\"https:\/\/dr-aus.pl\/\/wp-content\/uploads\/2020\/06\/22xnd950-bia--1024x342.png\" alt=\"\" width=\"731\" height=\"244\" srcset=\"https:\/\/dr-aus.pl\/wp-content\/uploads\/2020\/06\/22xnd950-bia--1024x342.png 1024w, https:\/\/dr-aus.pl\/wp-content\/uploads\/2020\/06\/22xnd950-bia--100x33.png 100w, https:\/\/dr-aus.pl\/wp-content\/uploads\/2020\/06\/22xnd950-bia--768x256.png 768w, https:\/\/dr-aus.pl\/wp-content\/uploads\/2020\/06\/22xnd950-bia--560x187.png 560w, https:\/\/dr-aus.pl\/wp-content\/uploads\/2020\/06\/22xnd950-bia-.png 1695w\" sizes=\"(max-width: 731px) 100vw, 731px\" \/><\/a><\/p>\n<p><a href=\"https:\/\/dr-aus.pl\/\/wp-content\/uploads\/2019\/08\/hla15_bok.png\"><img loading=\"lazy\" decoding=\"async\" class=\"wp-image-1092 alignnone\" src=\"https:\/\/dr-aus.pl\/\/wp-content\/uploads\/2019\/08\/hla15_bok-594x768.png\" alt=\"\" width=\"636\" height=\"822\" srcset=\"https:\/\/dr-aus.pl\/wp-content\/uploads\/2019\/08\/hla15_bok-594x768.png 594w, https:\/\/dr-aus.pl\/wp-content\/uploads\/2019\/08\/hla15_bok-77x100.png 77w, https:\/\/dr-aus.pl\/wp-content\/uploads\/2019\/08\/hla15_bok-560x724.png 560w, https:\/\/dr-aus.pl\/wp-content\/uploads\/2019\/08\/hla15_bok.png 597w\" sizes=\"(max-width: 636px) 100vw, 636px\" \/><\/a><\/p>\n","protected":false},"excerpt":{"rendered":"<p>Od 2008 roku firma Dr!aus zajmuje si\u0119 kompleksowo projektowaniem, wdra\u017caniem , produkcj\u0105, instalacj\u0105 nowoczesnych klasycznych, modnych,\u00a0 innowacyjnych system\u00f3w nag\u0142o\u015bnieniowych. Nasze systemy opieramy o najlepsze dost\u0119pne g\u0142o\u015bniki, kt\u00f3re sprowadzamy z ca\u0142ego \u015bwiata. Koncepcje powstaj\u0105 w oparciu o wieloletnie do\u015bwiadczenie, na podstawie setek test\u00f3w por\u00f3wnawczych, opinii ludzi z bran\u017cy. Pomiary wymagaj\u0105ce dok\u0142adno\u015bci wykonujemy w najlepszych warunkach &#8211; w wolnej przestrzeni z dala od wielkomiejskiej g\u0119stej zabudowy. Nasze zestawy wykonujemy z wysokiej jako\u015bci sklejki i pokrywamy\u00a0 nowoczesn\u0105 trwa\u0142\u0105 pow\u0142ok\u0105 polyurea. W\u015br\u00f3d naszych produkt\u00f3w mo\u017cna znale\u017a\u0107 rozwi\u0105zania, kt\u00f3re nie maj\u0105 swoich odpowiednik\u00f3w, zach\u0119camy zatem do przetestowania naszych produkt\u00f3w i do wsp\u00f3\u0142pracy.<\/p>\n","protected":false},"author":1,"featured_media":0,"parent":0,"menu_order":0,"comment_status":"closed","ping_status":"closed","template":"","meta":{"footnotes":""},"_links":{"self":[{"href":"https:\/\/dr-aus.pl\/index.php?rest_route=\/wp\/v2\/pages\/6"}],"collection":[{"href":"https:\/\/dr-aus.pl\/index.php?rest_route=\/wp\/v2\/pages"}],"about":[{"href":"https:\/\/dr-aus.pl\/index.php?rest_route=\/wp\/v2\/types\/page"}],"author":[{"embeddable":true,"href":"https:\/\/dr-aus.pl\/index.php?rest_route=\/wp\/v2\/users\/1"}],"replies":[{"embeddable":true,"href":"https:\/\/dr-aus.pl\/index.php?rest_route=%2Fwp%2Fv2%2Fcomments&post=6"}],"version-history":[{"count":38,"href":"https:\/\/dr-aus.pl\/index.php?rest_route=\/wp\/v2\/pages\/6\/revisions"}],"predecessor-version":[{"id":1373,"href":"https:\/\/dr-aus.pl\/index.php?rest_route=\/wp\/v2\/pages\/6\/revisions\/1373"}],"wp:attachment":[{"href":"https:\/\/dr-aus.pl\/index.php?rest_route=%2Fwp%2Fv2%2Fmedia&parent=6"}],"curies":[{"name":"wp","href":"https:\/\/api.w.org\/{rel}","templated":true}]}}