{"id":57,"date":"2013-12-04T16:56:54","date_gmt":"2013-12-04T16:56:54","guid":{"rendered":"https:\/\/dr-aus.pl\/\/?page_id=57"},"modified":"2017-10-04T21:42:11","modified_gmt":"2017-10-04T20:42:11","slug":"rekomendacje","status":"publish","type":"page","link":"https:\/\/dr-aus.pl\/?page_id=57","title":{"rendered":"Rekomendacje"},"content":{"rendered":"<p style=\"padding-left: 60px;\"><a href=\"https:\/\/www.facebook.com\/pg\/DrAus-169045603132656\/photos\/?tab=album&#038;album_id=1355349591168912\">Zdj\u0119cia uzytkownik\u00f3w z imprez live2017 (facebook)<\/a><\/p>\n<p style=\"padding-left: 60px;\"><a href=\"https:\/\/www.facebook.com\/DrAus-169045603132656\/photos\/?tab=album&amp;album_id=1050381411665733\">Zdj\u0119cia uzytkownik\u00f3w z imprez live2016 (facebook)<\/a><\/p>\n<p style=\"padding-left: 60px;\"><a href=\"https:\/\/www.facebook.com\/media\/set\/?set=a.502648306439049.1073741825.169045603132656&amp;type=3\">Album z wykresami i zdj\u0119ciami z test\u00f3w por\u00f3wnawczych &#8211; bardzo rzetelna wiedza (Facebook)<\/a><\/p>\n<p style=\"padding-left: 60px;\"><a href=\"http:\/\/muzyczneforum.pl\/showthread.php?14836-Konkurs-dla-uczestnik%F3w-Rzg%F3w-2015-nagroda-SUB-DrAus-!!\">Opinie konkursowe po zlocie Rzgowie 2015 (forum muzyczne)<\/a><\/p>\n<p style=\"padding-left: 60px;\"><a href=\"https:\/\/www.facebook.com\/media\/set\/?set=a.799362966767580.1073741833.169045603132656&amp;type=3\">Wybrane instalacje w klubach (Facebook)<\/a><\/p>\n<p style=\"padding-left: 60px;\"><a href=\"https:\/\/www.facebook.com\/media\/set\/?set=a.401962003174347.80667.169045603132656&amp;type=3\">Zdj\u0119cia u\u017cytkownik\u00f3w ze starszych imprez Live (Facebook)<\/a><\/p>\n<p>&nbsp;<\/p>\n","protected":false},"excerpt":{"rendered":"<p>Zdj\u0119cia uzytkownik\u00f3w z imprez live2017 (facebook) Zdj\u0119cia uzytkownik\u00f3w z imprez live2016 (facebook) Album z wykresami i zdj\u0119ciami z test\u00f3w por\u00f3wnawczych &#8211; bardzo rzetelna wiedza (Facebook) Opinie konkursowe po zlocie Rzgowie 2015 (forum muzyczne) Wybrane instalacje w klubach (Facebook) Zdj\u0119cia u\u017cytkownik\u00f3w ze starszych imprez Live (Facebook) &nbsp;<\/p>\n","protected":false},"author":1,"featured_media":0,"parent":0,"menu_order":0,"comment_status":"open","ping_status":"open","template":"","meta":{"footnotes":""},"_links":{"self":[{"href":"https:\/\/dr-aus.pl\/index.php?rest_route=\/wp\/v2\/pages\/57"}],"collection":[{"href":"https:\/\/dr-aus.pl\/index.php?rest_route=\/wp\/v2\/pages"}],"about":[{"href":"https:\/\/dr-aus.pl\/index.php?rest_route=\/wp\/v2\/types\/page"}],"author":[{"embeddable":true,"href":"https:\/\/dr-aus.pl\/index.php?rest_route=\/wp\/v2\/users\/1"}],"replies":[{"embeddable":true,"href":"https:\/\/dr-aus.pl\/index.php?rest_route=%2Fwp%2Fv2%2Fcomments&post=57"}],"version-history":[{"count":21,"href":"https:\/\/dr-aus.pl\/index.php?rest_route=\/wp\/v2\/pages\/57\/revisions"}],"predecessor-version":[{"id":616,"href":"https:\/\/dr-aus.pl\/index.php?rest_route=\/wp\/v2\/pages\/57\/revisions\/616"}],"wp:attachment":[{"href":"https:\/\/dr-aus.pl\/index.php?rest_route=%2Fwp%2Fv2%2Fmedia&parent=57"}],"curies":[{"name":"wp","href":"https:\/\/api.w.org\/{rel}","templated":true}]}}