{"id":466,"date":"2015-06-16T02:23:30","date_gmt":"2015-06-16T01:23:30","guid":{"rendered":"https:\/\/dr-aus.pl\/\/?page_id=466"},"modified":"2019-07-14T03:57:45","modified_gmt":"2019-07-14T02:57:45","slug":"innowacje-w-dwudroznych-nadstawkach","status":"publish","type":"page","link":"https:\/\/dr-aus.pl\/?page_id=466","title":{"rendered":"Innowacje w dwudro\u017cnych nadstawkach"},"content":{"rendered":"<p>Innowacje stosowane w dwudro\u017cnych kolumnach szerokopasmowych Dr!Aus.<\/p>\n<p>1. Po\u0142owiczny reflektor rozpraszaj\u0105cy.<br \/>\nW ka\u017cdej obudowie g\u0142o\u015bnika najbardziej charakterystyczny jest pierwszy refleks (odbicie) fali od tylnej \u015bcianki o d\u0142ugo\u015bci rz\u0119du po\u0142owy d\u0142ugo\u015bci fali. Ze wzgl\u0119du na rozmiary, cz\u0119stotliwo\u015b\u0107 odbicia dla nadstawek jest le\u017cy typowo w zakresie 300Hz pocz\u0105wszy dla du\u017cych kolumn typu 2&#215;15\u2019\u2019 a 600-700Hz dla satelit z g\u0142o\u015bnikiem 12\u2019\u2019. Czym bardziej nieregularna jest obudowa, tym mniej wyra\u017any a bardziej rozproszony jest efekt tego odbicia. Oczywistym jest, \u017ce w dobrym zestawie nag\u0142o\u015bnieniowym, \u017cadna cz\u0119stotliwo\u015b\u0107 nie powinna by\u0107 uprzywilejowana, a ju\u017c na pewno nie w sytuacji gdy jedna le\u017cy obok drugiej. Sposobem zmniejszenia tego zjawiska, znanym od wielu lat i stosowanym w ka\u017cdej porz\u0105dnej kolumnie, jest nieoszcz\u0119dne t\u0142umienie wn\u0119trza kolumny materia\u0142em d\u017awi\u0119koch\u0142onnym. W kolumnach dr!aus jeszcze lepsze rezultaty przynios\u0142a koncepcja, na dodatkowe wyr\u00f3wnanie &#8211; poprzez dodanie drugiego odbicia o innym ni\u017c g\u0142\u00f3wne charakterze, kt\u00f3re to spowodowa\u0142o rozmycie cz\u0119stotliwo\u015bci rezonansowej na szersze pasmo o mniej wyra\u017anym charakterze.<br \/>\nIdea do\u015b\u0107 dobrze widoczna jest na wykresie dla stk 610 z reflektorem i bez dodatkowego reflektora, jeszcze przed uzyciem materia\u0142u t\u0142umi\u0105cego. Rozwi\u0105zanie to stosowane jest r\u00f3wnie\u017c w innych naszych nadstawkach. <a href=\"https:\/\/dr-aus.pl\/\/wp-content\/uploads\/2015\/06\/610bezD_zD_2014s.gif\"><img loading=\"lazy\" decoding=\"async\" class=\"aligncenter size-full wp-image-475\" alt=\"610bezD_zD_2014s\" src=\"https:\/\/dr-aus.pl\/\/wp-content\/uploads\/2015\/06\/610bezD_zD_2014s.gif\" width=\"648\" height=\"302\" \/><\/a><\/p>\n<p>2. Drewniane dedykowane tuby.<br \/>\nRola tuby w g\u0142o\u015bniku wysokotonowym jest powszechnie znana, chocia\u017c znacznie niedoceniana jest moim zdaniem istotno\u015b\u0107 doboru tuby, jej geometrycznych cech w korelacji z cechami, mark\u0105, modelem drivera. Niezliczon\u0105 wi\u0119kszo\u015b\u0107 razy mo\u017cna znale\u017a\u0107 dyskusje na temat konkretnego g\u0142o\u015bnika, zupe\u0142nie pomijaj\u0105ce, to z jak\u0105 tub\u0105 w danych warunkach on pracowa\u0142. Nie tylko k\u0105ty rozproszenia determinuje tuba, ale tak\u017ce i brzmienie, a nawet co bardziej istotne regularno\u015b\u0107 odtwarzania w pa\u015bmie i przestrzeni. Tuby stosowane w serii STK, umo\u017cliwiaj\u0105 osi\u0105gni\u0119cie lepszych w\u0142a\u015bciwo\u015bci, np mniej dra\u017cni\u0105ce brzmienie przy du\u017cej g\u0142o\u015bno\u015bci, ni\u017c powszechnie dost\u0119pne modele tub. Wynika to z tego, \u017ce mo\u017cemy je dowolnie ulepsza\u0107. Ulepszenia powoduj\u0105 mniejsze fluktuacje, rezonanse, co wida\u0107 do\u015b\u0107 wyra\u017anie na przyk\u0142adzie: por\u00f3wnawczym wykresie dla drivera d2500 z stk 612 (bez zwrotnicy). Prosz\u0119 zwr\u00f3ci\u0107 uwag\u0119, \u017ce ten bardzo powi\u0119kszony wykres z podzia\u0142k\u0105 1dB pokazuje wi\u0119ksz\u0105 ni\u017c pierwotna g\u0142adko\u015b\u0107 si\u0119gaj\u0105c\u0105 +\/-1dB. Nie jest to rozwi\u0105zanie, kt\u00f3re mia\u0142oby przynie\u015b\u0107 oszcz\u0119dno\u015bci, bo wykonanie drewnianej tuby nie jest ta\u0144sze ni\u017c wykonanie plastikowego odlewu, ale poniewa\u017c stale ulepszamy nasze produkty, dlatego wdro\u017cenie nowej wersji w ma\u0142ej ilo\u015bci, chocia\u017cby z powodu pojawienia si\u0119 nowego drivera, nie wymaga tak du\u017cych nak\u0142ad\u00f3w jak przy nowym odlewie. Co wi\u0119cej,dzi\u0119ki w\u0142asnej tubie, mo\u017cliwa jest stosunkowo \u0142atwa zmiana d\u0142ugo\u015bci tuby, tak istotna dla stworzenia optymalnego sumowania si\u0119 g\u0142o\u015bnik\u00f3w .<a href=\"https:\/\/dr-aus.pl\/\/wp-content\/uploads\/2015\/06\/H7421s.jpg\"><img loading=\"lazy\" decoding=\"async\" class=\"aligncenter size-full wp-image-471\" alt=\"H7421s\" src=\"https:\/\/dr-aus.pl\/\/wp-content\/uploads\/2015\/06\/H7421s.jpg\" width=\"678\" height=\"329\" srcset=\"https:\/\/dr-aus.pl\/wp-content\/uploads\/2015\/06\/H7421s.jpg 1214w, https:\/\/dr-aus.pl\/wp-content\/uploads\/2015\/06\/H7421s-100x48.jpg 100w, https:\/\/dr-aus.pl\/wp-content\/uploads\/2015\/06\/H7421s-1024x497.jpg 1024w, https:\/\/dr-aus.pl\/wp-content\/uploads\/2015\/06\/H7421s-560x272.jpg 560w\" sizes=\"(max-width: 678px) 100vw, 678px\" \/><\/a><\/p>\n<p>3. Cut off Crossover<br \/>\nW produktach wysokiej jako\u015bci, do jakich nale\u017c\u0105 satelity STK \/ MC, stosowane s\u0105 precyzyjnie dobrane do g\u0142o\u015bnik\u00f3w zwrotnice o stromo\u015bci zazwyczaj 18db\/oct lub wi\u0119cej, wykonane bez u\u017cycia oszcz\u0119dnych nieliniowych rdzeni i kondensator\u00f3w elektrolitycznych. Drugoplanowym zadaniem zwrotnicy, w dwudro\u017cnych satelitach, opr\u00f3cz odci\u0105\u017cenia g\u0142o\u015bnik\u00f3w moc\u0105 w pa\u015bmie, w kt\u00f3rym nie potrafi\u0105 bezpiecznie pracowa\u0107, jest minimalizacja interferencji, poprzez jak najbardziej strome wycinanie cz\u0119stotliwo\u015bci s\u0105siednich od cz\u0119stotliwo\u015bci podzia\u0142u. Z tego powodu istotniejsze jest to, \u017ceby wyci\u0105\u0107 g\u0142\u0119biej cz\u0119stotliwo\u015b\u0107, kt\u00f3ra le\u017cy np oktaw\u0119 dalej od cz\u0119stotliwo\u015bci podzia\u0142u, ni\u017c to , \u017ceby silniej zmniejsza\u0107 wiele oktaw dalej i tak ju\u017c znacznie wyt\u0142umion\u0105 cz\u0119stotliwo\u015b\u0107. Innowacja polega na tym, \u017ce wycinamy niemal do zera (ze wzgl\u0119du na niezerow\u0105 rezystancje cewki), za pomoc\u0105 filtra 4rtego rz\u0119du, najbardziej nieprzyjemn\u0105 cz\u0119stotliwo\u015b\u0107 o oko\u0142o oktaw\u0119 wy\u017csz\u0105 ni\u017c cz\u0119stotliwo\u015b\u0107 podzia\u0142u. Dzi\u0119ki temu charakter interferencji pomi\u0119dzy sekcj\u0105 mid\/hi jest bardziej \u0142agodny, co przek\u0142ada si\u0119 na bardziej r\u00f3wnomierne roz\u0142o\u017cenie pasma w przestrzeni. Przyk\u0142adowe zastosowanie zobrazowane na wykresie zielonym.<a href=\"https:\/\/dr-aus.pl\/\/wp-content\/uploads\/2015\/06\/cutOff.gif\"><img loading=\"lazy\" decoding=\"async\" class=\"aligncenter size-full wp-image-482\" alt=\"cutOff\" src=\"https:\/\/dr-aus.pl\/\/wp-content\/uploads\/2015\/06\/cutOff.gif\" width=\"647\" height=\"326\" \/><\/a><\/p>\n","protected":false},"excerpt":{"rendered":"<p>Innowacje stosowane w dwudro\u017cnych kolumnach szerokopasmowych Dr!Aus. 1. Po\u0142owiczny reflektor rozpraszaj\u0105cy. W ka\u017cdej obudowie g\u0142o\u015bnika najbardziej charakterystyczny jest pierwszy refleks (odbicie) fali od tylnej \u015bcianki o d\u0142ugo\u015bci rz\u0119du po\u0142owy d\u0142ugo\u015bci fali. Ze wzgl\u0119du na rozmiary, cz\u0119stotliwo\u015b\u0107 odbicia dla nadstawek jest le\u017cy typowo w zakresie 300Hz pocz\u0105wszy dla du\u017cych kolumn typu 2&#215;15\u2019\u2019 a 600-700Hz dla satelit z g\u0142o\u015bnikiem 12\u2019\u2019. Czym bardziej nieregularna jest obudowa, tym mniej wyra\u017any a bardziej rozproszony jest efekt tego odbicia. Oczywistym jest, \u017ce w dobrym zestawie nag\u0142o\u015bnieniowym, \u017cadna cz\u0119stotliwo\u015b\u0107 nie powinna by\u0107 uprzywilejowana, a ju\u017c na pewno nie w sytuacji gdy jedna le\u017cy obok drugiej. Sposobem zmniejszenia tego zjawiska, znanym od wielu lat i stosowanym w ka\u017cdej porz\u0105dnej kolumnie, jest nieoszcz\u0119dne t\u0142umienie wn\u0119trza kolumny materia\u0142em d\u017awi\u0119koch\u0142onnym. W kolumnach dr!aus jeszcze lepsze rezultaty przynios\u0142a koncepcja, na dodatkowe wyr\u00f3wnanie &#8211; poprzez dodanie drugiego odbicia o innym ni\u017c g\u0142\u00f3wne charakterze, kt\u00f3re to spowodowa\u0142o rozmycie cz\u0119stotliwo\u015bci rezonansowej na szersze pasmo o mniej wyra\u017anym charakterze. Idea do\u015b\u0107 dobrze widoczna jest na wykresie dla stk 610 z reflektorem i bez dodatkowego reflektora, jeszcze przed uzyciem materia\u0142u t\u0142umi\u0105cego. Rozwi\u0105zanie to stosowane jest r\u00f3wnie\u017c w innych naszych nadstawkach. 2. Drewniane dedykowane tuby. Rola tuby w g\u0142o\u015bniku wysokotonowym jest powszechnie znana, chocia\u017c znacznie niedoceniana jest moim [&hellip;]<\/p>\n","protected":false},"author":1,"featured_media":0,"parent":0,"menu_order":0,"comment_status":"open","ping_status":"open","template":"","meta":{"footnotes":""},"_links":{"self":[{"href":"https:\/\/dr-aus.pl\/index.php?rest_route=\/wp\/v2\/pages\/466"}],"collection":[{"href":"https:\/\/dr-aus.pl\/index.php?rest_route=\/wp\/v2\/pages"}],"about":[{"href":"https:\/\/dr-aus.pl\/index.php?rest_route=\/wp\/v2\/types\/page"}],"author":[{"embeddable":true,"href":"https:\/\/dr-aus.pl\/index.php?rest_route=\/wp\/v2\/users\/1"}],"replies":[{"embeddable":true,"href":"https:\/\/dr-aus.pl\/index.php?rest_route=%2Fwp%2Fv2%2Fcomments&post=466"}],"version-history":[{"count":16,"href":"https:\/\/dr-aus.pl\/index.php?rest_route=\/wp\/v2\/pages\/466\/revisions"}],"predecessor-version":[{"id":1071,"href":"https:\/\/dr-aus.pl\/index.php?rest_route=\/wp\/v2\/pages\/466\/revisions\/1071"}],"wp:attachment":[{"href":"https:\/\/dr-aus.pl\/index.php?rest_route=%2Fwp%2Fv2%2Fmedia&parent=466"}],"curies":[{"name":"wp","href":"https:\/\/api.w.org\/{rel}","templated":true}]}}