{"id":32,"date":"2013-12-04T15:17:18","date_gmt":"2013-12-04T15:17:18","guid":{"rendered":"https:\/\/dr-aus.pl\/\/?page_id=32"},"modified":"2019-10-25T03:09:17","modified_gmt":"2019-10-25T02:09:17","slug":"la212","status":"publish","type":"page","link":"https:\/\/dr-aus.pl\/?page_id=32","title":{"rendered":"INFRASUB"},"content":{"rendered":"<p>INFRASUB to jednocze\u015bnie technologia jak i\u00a0 filozofia wiernego, pe\u0142nego brzmienia niskich ton\u00f3w bez kompromis\u00f3w. Pe\u0142ne brzmienie oznacza, \u017ce subwoofer odtwarza wszystkie wyst\u0119puj\u0105ce w muzyce d\u017awi\u0119ki, a to obecnie oznacza, \u017ce pasmo u\u017cyteczne musi zaczyna\u0107 si\u0119 od oko\u0142o 28Hz. Subwoofery INFARASUB s\u0105 obecnie jednymi z najni\u017cej graj\u0105cych subwoofer\u00f3w na rynku. Koncepcja niskiego, pe\u0142nego brzmienia na estradzie zyskuje coraz wi\u0119ksz\u0105 popularno\u015b\u0107 w\u015br\u00f3d innych rozwi\u0105za\u0144 stosowanych w praktyce. Najbardziej rozpoznawalne firmy oferuj\u0105 podobne rozwi\u0105zania, z ta jedn\u0105 r\u00f3\u017cnic\u0105, \u017ce my nie potrzebujemy stosowa\u0107 drogich 21 calowych g\u0142o\u015bnik\u00f3w w wielkiej obudowie bandpass, nie zrezygnowali\u015bmy z wysokiej sprawno\u015bci montuj\u0105c niskosprawne g\u0142o\u015bniki z ci\u0119\u017ckimi uk\u0142adami drgaj\u0105cymi w obudowie z otworem rezonansowym. Dzi\u0119ki zastosowaniu tuby bez rezonansu, uzyskujemy mniejszym kosztem jeszcze lepszy efekt! Zastosowana w infrasub tuba podnosi sprawno\u015b\u0107 ca\u0142ego pasma basowego r\u00f3wnomiernie, gwarantuj\u0105c wzorowe brzmienie bez konieczno\u015bci energoch\u0142onnego poprawiania procesorem najni\u017cszych cz\u0119stotliwo\u015bci. Praktycznie wszystkie infrasuby maj\u0105 nier\u00f3wnomierno\u015bc przetwarzania rz\u0119dzu +\/1-dB w pasmie od 40 do 100Hz. Najnowsze g\u0142o\u015bniki, powsta\u0142e oko\u0142o 2010 roku s\u0105 jeszcze bardziej nakierowane na reprodukcj\u0119 tak niskiego pasma, a HF34 jest kwintesencj\u0105 po\u0142\u0105czenia najlepszych przetwornik\u00f3w z latami do\u015bwiadcze\u0144 przy budowie tubowych subwoofer\u00f3w.<\/p>\n<p>Pierwsz\u0105 konstrukcj\u0105 z tej rodziny by\u0142 uko\u0144czony w 2007 roku sub HF30, kt\u00f3ry po kilku ulepszeniach jest produkowany do dzisiaj. Wszystko zacz\u0119\u0142o si\u0119 od tego, i\u017c nag\u0142a\u015bniaj\u0105c gwiazdy z gatunku drum and bass,\u00a0 spotka\u0142em si\u0119 z ogromnym zapotrzebowaniem na wierne i g\u0142o\u015bne odtwarzanie przerobionych na miliony sposob\u00f3w linii perkusji i basu. W trakcie tego wieloletniego do\u015bwiadczenia dowiedzia\u0142em si\u0119 niemal wszystkiego o niezawodno\u015bci najwi\u0119kszych g\u0142o\u015bnik\u00f3w niskotonowych na rynku.\u00a0 W efekcie tych do\u015bwiadcze\u0144 i w zwi\u0105zku z zamys\u0142em stworzenia w\u0142asnej firmy po\u015bwi\u0119ci\u0142em wiele lat pracy na przekonstruowanie tworzonych ju\u017c wcze\u015bniej innych konstrukcji tubowych w tym kierunku, by przesta\u0142y zbyt skutecznie odtwarza\u0107 niezbyt lubiane i do\u015b\u0107 \u0142atwe do wytworzenia pasmo w okolicy 100Hz a z jak najwi\u0119ksza sprawno\u015bci\u0105 i wierno\u015bci\u0105 odda\u0142y pasmo 35-45Hz.<\/p>\n<p>W latach 2009-10 powsta\u0142o wi\u0119cej sub\u00f3w o innych rozmiarach. Wi\u0119kszo\u015b\u0107 z nich nie by\u0142a r\u00f3wnie udana co HF30. Najbardziej wartym uwagi jest subwoofer HF40, kt\u00f3ry w zakresie \u015bredniej skuteczno\u015bci posiada osi\u0105gi lepsze od HF30. Subwoofer ten nie sta\u0142 si\u0119 r\u00f3wnie popularny co HF30 z powodu przekroczenia pewnej bariery mobilno\u015bci dla dw\u00f3ch os\u00f3b.<\/p>\n<p>Infrasub by\u0142 od zawsze lekk\u0105 mobiln\u0105 konstrukcj\u0105 jak na swoje osi\u0105gi i rozmiary. Zawdzi\u0119cza to zastosowaniu bardzo cienkiej 12mm sklejki w 100% brzozowej, kt\u00f3rej dodatkow\u0105 sztywno\u015b\u0107 uzyskujemy poprzez zastosowanie konstrukcji szkieletowej. HF30 wa\u017cy zaledwie 63kg. W 2012 roku jako efekt kolejnych poszukiwa\u0144, powsta\u0142 sub HF32, kt\u00f3ry jest siln\u0105 pozycj\u0105 w niekt\u00f3rych zastosowaniach z racji stosunkowo niskiej ceny. W 2013 roku po wielu nieudanych pr\u00f3bach w ko\u0144cu powsta\u0142 sub na tyle sprawniejszy od HF30, \u017ce w przypadku du\u017cej ilo\u015bci jest nie tylko bardziej presti\u017cowy, ale i bardziej ekonomiczny. HF34 wykorzystuje w pe\u0142ni potencja\u0142 najmocniejszego g\u0142o\u015bnika 18&#8221; dost\u0119pnego na rynku profesjonalnym i jest obecnie naszym najbardziej zaawansowanym, najbardziej wzorcowym produktem. W 2017 roku tania HF32 zosta\u0142a zmieniona na HF33 z uwagi na potrzeb\u0119 poszerzenia pasma do 120Hz w niekt\u00f3rych zastosowaniach. W 2018 roku powsta\u0142 pierwszy mniejszy infra sub HF24, wykonany ze sklejki 10mm. Sub ten ma najwi\u0119kszy z wszystkich stosunek osi\u0105g\u00f3w do wagi. Powstanie tak skomplikowanego suba by\u0142o mo\u017cliwe jedynie dzi\u0119ki znacznej automatyzacji proces\u00f3w. Id\u0105c tym tropem w 2019 powsta\u0142a zmodernizowana wersja HF16 oraz wersja neodymowa HF33N. W tym roku rozpocz\u0119li\u015bmy r\u00f3wnie\u017c prace nad HF35, opartym o g\u0142o\u015bnik 21 cali z nap\u0119dem 6 calowym.<\/p>\n","protected":false},"excerpt":{"rendered":"<p>INFRASUB to jednocze\u015bnie technologia jak i\u00a0 filozofia wiernego, pe\u0142nego brzmienia niskich ton\u00f3w bez kompromis\u00f3w. Pe\u0142ne brzmienie oznacza, \u017ce subwoofer odtwarza wszystkie wyst\u0119puj\u0105ce w muzyce d\u017awi\u0119ki, a to obecnie oznacza, \u017ce pasmo u\u017cyteczne musi zaczyna\u0107 si\u0119 od oko\u0142o 28Hz. Subwoofery INFARASUB s\u0105 obecnie jednymi z najni\u017cej graj\u0105cych subwoofer\u00f3w na rynku. Koncepcja niskiego, pe\u0142nego brzmienia na estradzie zyskuje coraz wi\u0119ksz\u0105 popularno\u015b\u0107 w\u015br\u00f3d innych rozwi\u0105za\u0144 stosowanych w praktyce. Najbardziej rozpoznawalne firmy oferuj\u0105 podobne rozwi\u0105zania, z ta jedn\u0105 r\u00f3\u017cnic\u0105, \u017ce my nie potrzebujemy stosowa\u0107 drogich 21 calowych g\u0142o\u015bnik\u00f3w w wielkiej obudowie bandpass, nie zrezygnowali\u015bmy z wysokiej sprawno\u015bci montuj\u0105c niskosprawne g\u0142o\u015bniki z ci\u0119\u017ckimi uk\u0142adami drgaj\u0105cymi w obudowie z otworem rezonansowym. Dzi\u0119ki zastosowaniu tuby bez rezonansu, uzyskujemy mniejszym kosztem jeszcze lepszy efekt! Zastosowana w infrasub tuba podnosi sprawno\u015b\u0107 ca\u0142ego pasma basowego r\u00f3wnomiernie, gwarantuj\u0105c wzorowe brzmienie bez konieczno\u015bci energoch\u0142onnego poprawiania procesorem najni\u017cszych cz\u0119stotliwo\u015bci. Praktycznie wszystkie infrasuby maj\u0105 nier\u00f3wnomierno\u015bc przetwarzania rz\u0119dzu +\/1-dB w pasmie od 40 do 100Hz. Najnowsze g\u0142o\u015bniki, powsta\u0142e oko\u0142o 2010 roku s\u0105 jeszcze bardziej nakierowane na reprodukcj\u0119 tak niskiego pasma, a HF34 jest kwintesencj\u0105 po\u0142\u0105czenia najlepszych przetwornik\u00f3w z latami do\u015bwiadcze\u0144 przy budowie tubowych subwoofer\u00f3w. Pierwsz\u0105 konstrukcj\u0105 z tej rodziny by\u0142 uko\u0144czony w 2007 roku sub HF30, kt\u00f3ry po kilku ulepszeniach jest produkowany do dzisiaj. Wszystko [&hellip;]<\/p>\n","protected":false},"author":1,"featured_media":0,"parent":0,"menu_order":0,"comment_status":"open","ping_status":"open","template":"","meta":{"footnotes":""},"_links":{"self":[{"href":"https:\/\/dr-aus.pl\/index.php?rest_route=\/wp\/v2\/pages\/32"}],"collection":[{"href":"https:\/\/dr-aus.pl\/index.php?rest_route=\/wp\/v2\/pages"}],"about":[{"href":"https:\/\/dr-aus.pl\/index.php?rest_route=\/wp\/v2\/types\/page"}],"author":[{"embeddable":true,"href":"https:\/\/dr-aus.pl\/index.php?rest_route=\/wp\/v2\/users\/1"}],"replies":[{"embeddable":true,"href":"https:\/\/dr-aus.pl\/index.php?rest_route=%2Fwp%2Fv2%2Fcomments&post=32"}],"version-history":[{"count":11,"href":"https:\/\/dr-aus.pl\/index.php?rest_route=\/wp\/v2\/pages\/32\/revisions"}],"predecessor-version":[{"id":1113,"href":"https:\/\/dr-aus.pl\/index.php?rest_route=\/wp\/v2\/pages\/32\/revisions\/1113"}],"wp:attachment":[{"href":"https:\/\/dr-aus.pl\/index.php?rest_route=%2Fwp%2Fv2%2Fmedia&parent=32"}],"curies":[{"name":"wp","href":"https:\/\/api.w.org\/{rel}","templated":true}]}}