{"id":113,"date":"2013-12-05T08:42:28","date_gmt":"2013-12-05T07:42:28","guid":{"rendered":"https:\/\/dr-aus.pl\/\/?page_id=113"},"modified":"2013-12-29T00:46:52","modified_gmt":"2013-12-28T23:46:52","slug":"historia","status":"publish","type":"page","link":"https:\/\/dr-aus.pl\/?page_id=113","title":{"rendered":"Historia"},"content":{"rendered":"<p>\n\tJako ciekawski nastolatek cz\u0119sto lubi\u0142em rozbiera\u0107 urz\u0105dzenia elektroniczne. Zawsze fascynowa\u0142y mnie skomplikowe niezrozumia\u0142e obwody. Przez jaki\u015b czas r&oacute;wnolegle zg\u0142ebia\u0142em tajniki eletroniki i programowania. Elektronika okaza\u0142a si\u0119 trudniejsza, wi\u0119c po\u015bwi\u0119ca\u0142em jej wiecej czasu. Moja pasja do elektroakustyki i energoelektroniki zrodzi\u0142a sie mniej wi\u0119cej w 1996 roku, kiedy jako ucze\u0144 technikum zacz\u0105\u0142em \u0142aczy\u0107 pasj\u0119 do muzyki ze zdolno\u015bciami do przedmiot&oacute;w \u015bcis\u0142ych. Od tamtej pory, kiedy tylko mo\u017ciwo\u015bci mi pozwalaj\u0105, zajmuj\u0119 si\u0119 konstruowaniem i ulepszaniem produkt&oacute;w z tych dziedzin. W\u0142a\u015bciwie my\u015bl posiadania w\u0142asnej marki tkwi\u0142a we mnie od samego pocz\u0105tku, niemniej samodzielna realizacja pomys\u0142&oacute;w okaza\u0142a si\u0119 pocz\u0105tkowo niemo\u017cliwa z powodu kompletnego braku bud\u017cetu. Ju\u017c oko\u0142o roku 2000, b\u0119d\u0105c jeszcze studentem wydzia\u0142u elektroniki, sp&oacute;bowa\u0142em realizowac swoje marzenia w firmie ADS, najwi\u0119kszej produkuj\u0105cej wzmacniacze estradowe, jako kostruktor. W tamtym czasie przez kilka lat wiele pomys\u0142&oacute;w z papieru i symulatora przenios\u0142em do rzeczywisto\u015bci, a chyba najbardziej znanym, jest wzmacniacz PLX, produkowany do dzisiaj. Jednym z ciekawych rozwi\u0105za\u0144 zadziwj\u0105cych odbiorc&oacute;w zachodnich, by\u0142o na sta\u0142e odw&oacute;rcenie w fazie przebiegu drugiego kana\u0142u zar&oacute;wno w trybie mostka jak i w trybie stereo. Pomys\u0142em troch\u0119 wyprzedzaj\u0105cym epok\u0119, by\u0142 &quot;wzmacniacz jednoomowy&quot;. Idea ta celuje w bezpieczne i tanie rozwi\u0105zanie problemu trudno\u015bci zasilania du\u017cych g\u0142osnik&oacute;w niskotonowych o mocy ponad 1000W, kt&oacute;re zacz\u0119\u0142y si\u0119 pojawia\u0107 na rynku na pocz\u0105tku 21 wieku. Pomimo tego, i\u017c jako pierwszy i jak dot\u0105d jedyny&nbsp;polski konstruktor opracowa\u0142em zupe\u0142nie od podstaw w\u0142asny wzmacniacz w klasie H, moje aspiracje si\u0119ga\u0142y dalej ni\u017c cele firmy w kt&oacute;rej pracowa\u0142em.&nbsp; Z tego powodu wr&oacute;ci\u0142em do koncepcji w\u0142asnej marki.&nbsp;\n<\/p>\n<p>\n\tMarka Dr Aus zosta\u0142a zarejestrowana w 2008 roku. Pomimo trudnego startu od zupe\u0142nego zera, przez te kilka lat ci\u0119zkiej pracy uda\u0142o mi si\u0119 wprowadzi\u0107 kika niespotykanych rozwi\u0105za\u0144, kt&oacute;re mnie daj\u0105 nadziej\u0119, i\u017c wi\u0119cej os&oacute;b uwierzy w moje mo\u017cliwo\u015bci jako konstruktora. Siln\u0105 pozycj\u0105 od samego pocz\u0105tku by\u0142y subwoofery INFRASUB. Wprowadzili\u015bmy do produkcji ulepszone wzmacniacze w klasie 3H, w tym tak\u017ce jednoomowe. Powsta\u0142y pierwsze systemy wyr&oacute;wnane liniowo. Jako pierwsi w kraju zastosowali\u015bmy falow&oacute;d w\u0142asnego projektu i w\u0142asnej produkcji. Rozwi\u0105zaniem niespotykanym na skal\u0119 \u015bwiatow\u0105 jest kompaktowy subwoofer tubowy z mo\u017cliwo\u015bci\u0105 schowania du\u017cej satelity do \u015brodka. Technologia Colinear Array nie tylko pod\u0105\u017ca za najnowszymi rozwi\u0105zaniami, ale w mojej ocenie wyprzedza trend jaszcze bardziej zbli\u017caj\u0105c nasze produkty do idea\u0142u. Lata przemysle\u0144 doprowadzi\u0142y do nagromadzenioa sporej liczby innych ciekawych pomys\u0142&oacute;w, kt&oacute;re wci\u0105\u017c zalegaj\u0105 w szufladzie z powod&oacute;w ogromnych koszt&oacute;w wprowadzenia do produkcji. Moim celem na najbli\u017cszy okres jest dalsze wprowadzanie innowacji, kt&oacute;re spowoduj\u0105, \u017ce lepszy sprz\u0119t stanie si\u0119 bardziej dost\u0119pny dla szerszego grona odbiorc&oacute;w. Od tego jak wiele uda nam si\u0119 zdzia\u0142a\u0107 zale\u017cy od tego jak wiele os&oacute;b zaufa naszej firmie.\n<\/p>\n<p>\n\tDraus Jaros\u0142aw<\/p>\n","protected":false},"excerpt":{"rendered":"<p>Jako ciekawski nastolatek cz\u0119sto lubi\u0142em rozbiera\u0107 urz\u0105dzenia elektroniczne. Zawsze fascynowa\u0142y mnie skomplikowe niezrozumia\u0142e obwody. Przez jaki\u015b czas r&oacute;wnolegle zg\u0142ebia\u0142em tajniki eletroniki i programowania. Elektronika okaza\u0142a si\u0119 trudniejsza, wi\u0119c po\u015bwi\u0119ca\u0142em jej wiecej czasu. Moja pasja do elektroakustyki i energoelektroniki zrodzi\u0142a sie mniej wi\u0119cej w 1996 roku, kiedy jako ucze\u0144 technikum zacz\u0105\u0142em \u0142aczy\u0107 pasj\u0119 do muzyki ze zdolno\u015bciami do przedmiot&oacute;w \u015bcis\u0142ych. Od tamtej pory, kiedy tylko mo\u017ciwo\u015bci mi pozwalaj\u0105, zajmuj\u0119 si\u0119 konstruowaniem i ulepszaniem produkt&oacute;w z tych dziedzin. W\u0142a\u015bciwie my\u015bl posiadania w\u0142asnej marki tkwi\u0142a we mnie od samego pocz\u0105tku, niemniej samodzielna realizacja pomys\u0142&oacute;w okaza\u0142a si\u0119 pocz\u0105tkowo niemo\u017cliwa z powodu kompletnego braku bud\u017cetu. Ju\u017c oko\u0142o roku 2000, b\u0119d\u0105c jeszcze studentem wydzia\u0142u elektroniki, sp&oacute;bowa\u0142em realizowac swoje marzenia w firmie ADS, najwi\u0119kszej produkuj\u0105cej wzmacniacze estradowe, jako kostruktor. W tamtym czasie przez kilka lat wiele pomys\u0142&oacute;w z papieru i symulatora przenios\u0142em do rzeczywisto\u015bci, a chyba najbardziej znanym, jest wzmacniacz PLX, produkowany do dzisiaj. Jednym z ciekawych rozwi\u0105za\u0144 zadziwj\u0105cych odbiorc&oacute;w zachodnich, by\u0142o na sta\u0142e odw&oacute;rcenie w fazie przebiegu drugiego kana\u0142u zar&oacute;wno w trybie mostka jak i w trybie stereo. Pomys\u0142em troch\u0119 wyprzedzaj\u0105cym epok\u0119, by\u0142 &quot;wzmacniacz jednoomowy&quot;. Idea ta celuje w bezpieczne i tanie rozwi\u0105zanie problemu trudno\u015bci zasilania du\u017cych g\u0142osnik&oacute;w niskotonowych o mocy ponad 1000W, kt&oacute;re zacz\u0119\u0142y si\u0119 [&hellip;]<\/p>\n","protected":false},"author":1,"featured_media":0,"parent":0,"menu_order":0,"comment_status":"open","ping_status":"open","template":"","meta":{"footnotes":""},"_links":{"self":[{"href":"https:\/\/dr-aus.pl\/index.php?rest_route=\/wp\/v2\/pages\/113"}],"collection":[{"href":"https:\/\/dr-aus.pl\/index.php?rest_route=\/wp\/v2\/pages"}],"about":[{"href":"https:\/\/dr-aus.pl\/index.php?rest_route=\/wp\/v2\/types\/page"}],"author":[{"embeddable":true,"href":"https:\/\/dr-aus.pl\/index.php?rest_route=\/wp\/v2\/users\/1"}],"replies":[{"embeddable":true,"href":"https:\/\/dr-aus.pl\/index.php?rest_route=%2Fwp%2Fv2%2Fcomments&post=113"}],"version-history":[{"count":11,"href":"https:\/\/dr-aus.pl\/index.php?rest_route=\/wp\/v2\/pages\/113\/revisions"}],"predecessor-version":[{"id":310,"href":"https:\/\/dr-aus.pl\/index.php?rest_route=\/wp\/v2\/pages\/113\/revisions\/310"}],"wp:attachment":[{"href":"https:\/\/dr-aus.pl\/index.php?rest_route=%2Fwp%2Fv2%2Fmedia&parent=113"}],"curies":[{"name":"wp","href":"https:\/\/api.w.org\/{rel}","templated":true}]}}