{"id":108,"date":"2013-12-04T21:52:51","date_gmt":"2013-12-04T20:52:51","guid":{"rendered":"https:\/\/dr-aus.pl\/\/?page_id=108"},"modified":"2015-06-16T01:33:53","modified_gmt":"2015-06-16T00:33:53","slug":"wzmacniacz-jednoomowy","status":"publish","type":"page","link":"https:\/\/dr-aus.pl\/?page_id=108","title":{"rendered":"One Ohm Amplifiers"},"content":{"rendered":"<p>Wzmacniacz jednoomowy to koncepcja wychodz\u0105ca na przeciw pojawieniu si\u0119 w ofercie wielu firm g\u0142o\u015bnik\u00f3w niskotonowych o mocach przekraczaj\u0105cych 1kW.<\/p>\n<p><a href=\"https:\/\/dr-aus.pl\/\/wp-content\/uploads\/2015\/06\/HAmin5.jpg\"><img loading=\"lazy\" decoding=\"async\" class=\"aligncenter size-full wp-image-459\" alt=\"HAmin5\" src=\"https:\/\/dr-aus.pl\/\/wp-content\/uploads\/2015\/06\/HAmin5.jpg\" width=\"1024\" height=\"768\" srcset=\"https:\/\/dr-aus.pl\/wp-content\/uploads\/2015\/06\/HAmin5.jpg 1024w, https:\/\/dr-aus.pl\/wp-content\/uploads\/2015\/06\/HAmin5-100x75.jpg 100w, https:\/\/dr-aus.pl\/wp-content\/uploads\/2015\/06\/HAmin5-560x420.jpg 560w\" sizes=\"(max-width: 1024px) 100vw, 1024px\" \/><\/a>Seria wzmacniaczy pracuj\u0105cych z obci\u0105\u017ceniem 1 Ohm na kana\u0142\u00a0 ( p\u00f3\u0142mostek ) i 2 Ohm w mostku zosta\u0142a zaprojektowana specjalnie na potrzeby du\u017cych nag\u0142o\u015bnie\u0144, najcz\u0119sciej w plenerze i w klubie, kt\u00f3re wymagaj\u0105 od wzmacniacza, aby wsp\u00f3\u0142pracowa\u0142 z najwi\u0119kszymi g\u0142o\u015bnikami estradowymi oferowanymi obecnie na rynku: od 1200 &#8211; 1800W \/ 8ohm. Dlaczego 1 Ohm? Chodzi o to aby wzmacniacz m\u00f3g\u0142 pracowa\u0107 w konfiguracji mostka z obci\u0105\u017ceniem znamionowym 2 Ohm. Ze wzgl\u0119du na zjawisko wt\u00f3rnego przebicia w tranzystorach bipolarnych, jest to najpewniejsza droga, aby uzyska\u0107 tak du\u017ce moce w klasie 3H przy impedancji 2 Ohm. Do wzmacniacza jednoomowego mo\u017cna pod\u0142\u0105czy\u0107 r\u00f3wnolegle dwa zestawy o impedancji 4 Ohm i mocy od rz\u0119du 3000W. Dzi\u0119ki zasilaniu czterech du\u017cych g\u0142o\u015bnik\u00f3w (lub dw\u00f3ch) cena zestawu staje si\u0119 korzystna relatywnie do mocy.\u00a0\u00a0 Praca z obci\u0105\u017ceniem 1 Ohm jest mo\u017cliwa dzi\u0119ki dostosowaniu stopnia ko\u0144cowego do du\u017cych pr\u0105d\u00f3w (nawet powy\u017cej 100A) oraz dzi\u0119ki przystosowaniu zabezpieczenia przeciwprzeci\u0105\u017ceniowego do pracy z nisk\u0105 impedancj\u0105. Du\u017ce znaczenie ma tak\u017ce zwi\u0119kszenie pojemno\u015bci filtru zasilacza. Podczas gdy ogromna wi\u0119kszo\u015b\u0107 wzmacniaczy nie jest przystosowana do pracy przy 2 ohm \/ kana\u0142, wzmacniacz jednoomowy pracuje z impedancj\u0105 1 ohm najlepiej, najbardziej optymalnie.<\/p>\n<p>G\u0142\u00f3wnym zastosowaniem tej serii jest wzmacnianie zsumowanego wcze\u015bniej sygna\u0142u (najcz\u0119sciej niskotonowego) w uk\u0142adzie mostkowym (mono). Aby pod\u0142\u0105czy\u0107 wi\u0119cej ni\u017c jeden kana\u0142 w konfiguracji mostka (np. w celu kreowania charakterystyki kierunkowej) nale\u017cy wyposa\u017cy\u0107 system w wi\u0119cej ni\u017c jeden wzmacniacz. Sumowanie kana\u0142\u00f3w stosuje si\u0119 g\u0142\u00f3wnie w subwooferach, dlatego \u017ce sygna\u0142 basowy jest prawie zawsze identyczny w obu kana\u0142ach ( poza tym tak czy inaczej sygna\u0142y z dw\u00f3ch kana\u0142\u00f3w sumuj\u0105 si\u0119 w przestrzeni, je\u017celi subwoofery umieszczone s\u0105 blisko siebie ). Istnieje r\u00f3wnie\u017c mo\u017cliwo\u015b\u0107 pracy nie tylko w konfiguracji mostka ale tak\u017ce jako standardowy stereofoniczny wzmacniacz. Moce wyj\u015bciowe s\u0105 oczywi\u015bcie odpowiednio mniejsze, a ilo\u015bc dopuszczalna pod\u0142\u0105czonych g\u0142o\u015bnik\u00f3w staje si\u0119 przesadzona, niemniej \u015bwietnie si\u0119 to sprawdza np jako tryb awaryjny.<\/p>\n<p>Dro\u017csze przewody? Wr\u0119cz przeciwnie. Mo\u017cemy u\u017cy\u0107 dw\u00f3ch takich samych kabli ( wzmacniacz jest wyposa\u017cony w dwa gniazda dla trybu BRIDGE ), ale r\u00f3wnie\u017c mo\u017cemy u\u017cy\u0107 jednego kabla dwa razy grubszego pod\u0142\u0105czaj\u0105c jeden zestaw i jednego kr\u00f3tkiego i cie\u0144szego kabla aby pod\u0142\u0105czy\u0107 oba zestawy ze sob\u0105. Spadek mocy na przewodach b\u0119dzie podobny, ale koszty ni\u017csze.<\/p>\n<p>Seria jednoomowa HA to :<br \/>\n&#8211; Klasa 3H \u2013 wi\u0119ksza sprawno\u015b\u0107, mniej ciep\u0142a wydzielanego na radiatorach, mniej energii pobieranej ze \u017ar\u00f3d\u0142a, bardziej niezawodne zabezpieczenie przeciwprzeci\u0105\u017ceniowe to sprawdzone zalety, popularniejszej w du\u017cych wzmacniaczach, klasy H, w por\u00f3wnaniu z klas\u0105 H czy AB.<br \/>\n-Monta\u017c przewlekany: dro\u017cszy i bardziej pracoch\u0142onny, ale bardziej niezawodny, odporny na wstrz\u0105sy i py\u0142.<br \/>\n-Limiter o wyd\u0142u\u017conym czasie odpuszczenia \u2013 lepiej reaguje na przekroczenie maksymalnej mocy wyjsciowej d\u017awi\u0119ku nawet przy niskich tonach.<br \/>\n-Podw\u00f3jne gniazdo dla trybu BRIDGE.<\/p>\n<p>Wybrane parametry ( HA6001 ) :<br \/>\nMoc\u00a0\u00a0\u00a0\u00a0\u00a0\u00a0\u00a0\u00a0\u00a0\u00a0\u00a0\u00a0\u00a0\u00a0\u00a0\u00a0\u00a0\u00a0\u00a0\u00a0\u00a0\u00a0\u00a0\u00a0\u00a0\u00a0\u00a0\u00a0\u00a0\u00a0\u00a0\u00a0\u00a0\u00a0\u00a0\u00a0\u00a0\u00a0\u00a0\u00a0\u00a0\u00a0\u00a0\u00a0\u00a0\u00a0 6000W \/ 2 OHM<br \/>\n\u0142\u0105czna pojemno\u015b\u0107 filtru\u00a0\u00a0\u00a0\u00a0\u00a0\u00a0\u00a0\u00a0\u00a0\u00a0\u00a0\u00a0\u00a0\u00a0\u00a0\u00a0\u00a0\u00a0\u00a0\u00a0\u00a0\u00a0\u00a0\u00a0\u00a0\u00a0\u00a0\u00a0\u00a0\u00a0\u00a0\u00a0\u00a0\u00a0\u00a0\u00a0\u00a0\u00a0\u00a0\u00a0\u00a0\u00a0\u00a0\u00a0\u00a0\u00a0\u00a0\u00a0\u00a0\u00a0\u00a0\u00a0\u00a0\u00a0\u00a0\u00a0\u00a0\u00a0\u00a0 480.000 uF<br \/>\nMoc admisyjna tranzystor\u00f3w ko\u0144cowych\u00a0\u00a0\u00a0\u00a0\u00a0\u00a0\u00a0\u00a0\u00a0\u00a0\u00a0\u00a0\u00a0\u00a0\u00a0\u00a0\u00a0\u00a0\u00a0\u00a0\u00a0\u00a0\u00a0\u00a0\u00a0\u00a0\u00a0\u00a0\u00a0\u00a0\u00a0\u00a0 10600\u00a0 W<br \/>\nMaksymalna amplituda pr\u0105du wyj\u015bciowego przy mocy muzycznej\u00a0 &gt;100A<br \/>\nZniekszta\u0142cenia\u00a0 1kHz 80% mocy znamionowej\u00a0\u00a0\u00a0\u00a0\u00a0\u00a0\u00a0\u00a0\u00a0\u00a0\u00a0\u00a0\u00a0\u00a0\u00a0\u00a0\u00a0\u00a0\u00a0\u00a0\u00a0\u00a0\u00a0 0.03%<\/p>\n","protected":false},"excerpt":{"rendered":"<p>Wzmacniacz jednoomowy to koncepcja wychodz\u0105ca na przeciw pojawieniu si\u0119 w ofercie wielu firm g\u0142o\u015bnik\u00f3w niskotonowych o mocach przekraczaj\u0105cych 1kW. Seria wzmacniaczy pracuj\u0105cych z obci\u0105\u017ceniem 1 Ohm na kana\u0142\u00a0 ( p\u00f3\u0142mostek ) i 2 Ohm w mostku zosta\u0142a zaprojektowana specjalnie na potrzeby du\u017cych nag\u0142o\u015bnie\u0144, najcz\u0119sciej w plenerze i w klubie, kt\u00f3re wymagaj\u0105 od wzmacniacza, aby wsp\u00f3\u0142pracowa\u0142 z najwi\u0119kszymi g\u0142o\u015bnikami estradowymi oferowanymi obecnie na rynku: od 1200 &#8211; 1800W \/ 8ohm. Dlaczego 1 Ohm? Chodzi o to aby wzmacniacz m\u00f3g\u0142 pracowa\u0107 w konfiguracji mostka z obci\u0105\u017ceniem znamionowym 2 Ohm. Ze wzgl\u0119du na zjawisko wt\u00f3rnego przebicia w tranzystorach bipolarnych, jest to najpewniejsza droga, aby uzyska\u0107 tak du\u017ce moce w klasie 3H przy impedancji 2 Ohm. Do wzmacniacza jednoomowego mo\u017cna pod\u0142\u0105czy\u0107 r\u00f3wnolegle dwa zestawy o impedancji 4 Ohm i mocy od rz\u0119du 3000W. Dzi\u0119ki zasilaniu czterech du\u017cych g\u0142o\u015bnik\u00f3w (lub dw\u00f3ch) cena zestawu staje si\u0119 korzystna relatywnie do mocy.\u00a0\u00a0 Praca z obci\u0105\u017ceniem 1 Ohm jest mo\u017cliwa dzi\u0119ki dostosowaniu stopnia ko\u0144cowego do du\u017cych pr\u0105d\u00f3w (nawet powy\u017cej 100A) oraz dzi\u0119ki przystosowaniu zabezpieczenia przeciwprzeci\u0105\u017ceniowego do pracy z nisk\u0105 impedancj\u0105. Du\u017ce znaczenie ma tak\u017ce zwi\u0119kszenie pojemno\u015bci filtru zasilacza. Podczas gdy ogromna wi\u0119kszo\u015b\u0107 wzmacniaczy nie jest przystosowana do pracy przy 2 ohm \/ kana\u0142, wzmacniacz jednoomowy pracuje z impedancj\u0105 1 [&hellip;]<\/p>\n","protected":false},"author":1,"featured_media":0,"parent":0,"menu_order":0,"comment_status":"open","ping_status":"open","template":"template-full-width.php","meta":{"footnotes":""},"_links":{"self":[{"href":"https:\/\/dr-aus.pl\/index.php?rest_route=\/wp\/v2\/pages\/108"}],"collection":[{"href":"https:\/\/dr-aus.pl\/index.php?rest_route=\/wp\/v2\/pages"}],"about":[{"href":"https:\/\/dr-aus.pl\/index.php?rest_route=\/wp\/v2\/types\/page"}],"author":[{"embeddable":true,"href":"https:\/\/dr-aus.pl\/index.php?rest_route=\/wp\/v2\/users\/1"}],"replies":[{"embeddable":true,"href":"https:\/\/dr-aus.pl\/index.php?rest_route=%2Fwp%2Fv2%2Fcomments&post=108"}],"version-history":[{"count":17,"href":"https:\/\/dr-aus.pl\/index.php?rest_route=\/wp\/v2\/pages\/108\/revisions"}],"predecessor-version":[{"id":463,"href":"https:\/\/dr-aus.pl\/index.php?rest_route=\/wp\/v2\/pages\/108\/revisions\/463"}],"wp:attachment":[{"href":"https:\/\/dr-aus.pl\/index.php?rest_route=%2Fwp%2Fv2%2Fmedia&parent=108"}],"curies":[{"name":"wp","href":"https:\/\/api.w.org\/{rel}","templated":true}]}}