{"id":103,"date":"2013-12-04T21:49:25","date_gmt":"2013-12-04T20:49:25","guid":{"rendered":"https:\/\/dr-aus.pl\/\/?page_id=103"},"modified":"2013-12-18T00:56:44","modified_gmt":"2013-12-17T23:56:44","slug":"colinear","status":"publish","type":"page","link":"https:\/\/dr-aus.pl\/?page_id=103","title":{"rendered":"COLINEAR"},"content":{"rendered":"<p>\n\tColinear array to idea sp&oacute;jnego \u017cr&oacute;d\u0142a w obu p\u0142aszczyznach promieniowania.\n<\/p>\n<p>\n\tWykonuj\u0105c pomiary system&oacute;w wyr&oacute;wnanych liniowo, obserwuj\u0105c systemy dost\u0119pne na rynku, mo\u017cna zauwa\u017cy\u0107, \u017ce ca\u0142a uwaga konstruktor&oacute;w skupi\u0142a si\u0119 g\u0142&oacute;wnie na uzyskaniu sp&oacute;jno\u015bci fazowej \u017cr&oacute;d\u0142a w p\u0142aszczy\u017cnie pionowej. I s\u0142usznie, niemniej w p\u0142aszczy\u017cnie poziomej wi\u0119kszo\u015b\u0107 system&oacute;w posiada wady starszych rozwi\u0105za\u0144, gdy\u017c sk\u0142ada si\u0119 najcz\u0119sciej z dw&oacute;ch \u017cr&oacute;de\u0142 ( w systemie dwudro\u017cnym) zbytnio oddalonych od siebie w stosunku do cz\u0119stotliwo\u015bci, kt&oacute;re promieniuj\u0105. W przypadku nie wyr&oacute;wnanych zr&oacute;de\u0142 dwudro\u017cnych mo\u017cna je przedstawi\u0107 w przybli\u017ceniu jako dwa oddalone punkty. W tym przypadku rozwi\u0105za\u0107 problem mo\u017cna stosuj\u0105c przetworniki umieszczopne na wsp&oacute;lnej osi, nazywane coaxial. Idea tego rozwi\u0105zania polega na tym, \u017ce punkty zr&oacute;de\u0142 le\u017c\u0105 na wsp&oacute;lnej osi, a najlepiej w tym samym punkcie. Zalety zr&oacute;de\u0142 coaxial s\u0105 powszechnie znane. W systemach wyr&oacute;wnanych liniowo, w kontek\u015bcie ca\u0142ego grona, ze wzgl\u0119du na wyr&oacute;wnanie, nale\u017cy przedstawia\u0107 \u017cr&oacute;d\u0142a nie jako punkty, ale jako linie. Odleg\u0142o\u015b\u0107 pomi\u0119dzy tymi liniami jest kluczowa, z punktu widzenia czy zr&oacute;d\u0142o mo\u017cna potraktowa\u0107 jako sp&oacute;jne w p\u0142aszczy\u017cnie poziomej. Idea Colinear Array polega na stworzeniu systemu, kt&oacute;rego&nbsp;zr&oacute;d\u0142a promieniuj\u0105ce r&oacute;\u017cne cz\u0119stotliwo\u015bci, mo\u017cna zast\u0105pi\u0107 liniami promieniuj\u0105cymi, kt&oacute;re s\u0105 wsp&oacute;lne.&nbsp;Taki system, jest zr&oacute;d\u0142em wsp&oacute;\u0142liniowym rozproszonym, analogicznym do zestaw&oacute;w punktowych coaxial, kt&oacute;re pomimo swoich zalet, nie mo\u017cna zestawia\u0107 ze sob\u0105, na wielkoformatowe systemy wielocz\u0119sciowe. Cho\u0107 w praktyce umiejscowienie dw&oacute;ch zr&oacute;de\u0142 na jendej linii jest niemo\u017cliwe, poniewa\u017c \u017ar&oacute;d\u0142a musia\u0142yby by\u0107 niesko\u0144czenie ma\u0142e, w praktyce, wystarczaj\u0105cym zr&oacute;d\u0142em wsp&oacute;lniowym b\u0119dzie takie, w kt&oacute;rym odleg\u0142o\u015b\u0107 linii promieniuj\u0105cych nie przekroczy 1\/4 najd\u0142u\u017cej d\u0142ugo\u015bci fali, emitowanej przez zr&oacute;d\u0142o o wy\u017cszym pasmie. Dlatego, \u017ce przy takiej niewielkiej odleg\u0142o\u015bci nawet pod du\u017cym k\u0105tem b\u0119dzie mo\u017cna uzna\u0107, \u017ce \u017cr&oacute;d\u0142a promieniuj\u0105 w tej samej fazie.\n<\/p>\n<p>\n\tWe\u017cmy przyk\u0142adowo typowy zestaw z g\u0142osnikiem 10&#39;&#39; gdzie odleg\u0142o\u015b\u0107 pomi\u0119dzy srodkiem g\u0142osnika a srodkiem falowodu wysokotonowego zazwyczaj wynosi oko\u0142o 20cm. Je\u015bli ustawimy oba \u017cr&oacute;d\u0142a zgodnie fazowo na osi, czy to za pomoca zwrotnicy pasywnej, czey procesora, to pod k\u0105tem do tej osi (w poziomie) niech b\u0119dzie 45&#39; odleg\u0142o\u015bc zwi\u0119kszy si\u0119 o 0,707 * 20cm= 14cm. To odpowiada p&oacute;\u0142fali dla oko\u0142o 1kHz. Je\u015bli podzia\u0142 b\u0119dzie w okolicy 1kHz +\/- powiedzmy oktaw\u0119 to przy k\u0105cie 45stopni nast\u0105pi g\u0142&oacute;ne wygaszenie fali. Je\u015bli podzia\u0142 b\u0119dzie wy\u017cszy a odleg\u0142o\u015b\u0107 wi\u0119ksza, to dziury wyst\u0105pi\u0105 przy mniejszych k\u0105tach. Mo\u017cna z nimi walczy\u0107 stromym podzia\u0142em (najlepiej aktywny + procesor), kierowaniem g\u0142o\u015bnik&oacute;w pod k\u0105tem w systemach z dwoma midbasami itp. Ale to s\u0105 wszystko p&oacute;\u0142\u015brodki, kt&oacute;re powoduj\u0105, \u017ce wci\u0105z s\u0105 to \u017cr&oacute;d\u0142a kt&oacute;rych odleg\u0142o\u015b\u0107 od s\u0142uchacza jest zmienna. Je\u015bli w konstrukcji s\u0105 dwa midbasy, to dodatkowo interferuj\u0105 mi\u0119dzy sob\u0105 od jeszcze ni\u017cszej czestoitliwosci.\n<\/p>\n<p>\n\tJak temu zapobiec?&nbsp; Mo\u017cna zastosowa\u0107 drivery z wielkimi cewkami, cho\u0107 to kosztowne rozwi\u0105zanie nie zapewniaj\u0105ce jeszcze spe\u0142nienia za\u0142o\u017ce\u0144, bo i tak podzia\u0142 rozs\u0105dny z punktu widzenia niezawodno\u015bci i zniekszta\u0142ce\u0144 nie przekroczy okolic 1kHz. Ponadto obni\u017cenie podzia\u0142u wymusza zastosowanie wi\u0119kszej tuby wysokotonowej, co z kolei zwi\u0119ksza odleg\u0142o\u015bc mi\u0119dzy \u017cr&oacute;d\u0142ami. Analizuj\u0105c dost\u0119pne przetworniki, \u0142atwo doj\u0107 do wniosku, \u017ce rozwi\u0105zanie dwudro\u017cne, spe\u0142niaj\u0105ce za\u0142o\u017cenia, w praktyce przy obecnych technologiach stosowanych w przetwornikach, nie jest mo\u017cliwe. W celu d\u0105\u017cenia do idea\u0142u koniecznym jest&nbsp;dodanie kolejnego \u017cr&oacute;d\u0142a i kolejnego podzia\u0142u. W pierwszej kolejno\u015bci przychodz\u0105 na my\u015bl znane zintegrowane drivery dwucewkowe, w kt&oacute;rych czterocalowe cewki \u015brednotonowe umo\u017cliwiaj\u0105 podzia\u0142 oko\u0142o 700Hz i wci\u0105\u017c umo\u017cliwj\u0105j\u0105 zastosowanie wsp&oacute;lnego falowodu. Ale to ci\u0105gle za ma\u0142o do osi\u0105gni\u0119cia zamierzonego celu, a to rozwi\u0105zanie jest jeszcze bardziej kosztowne przy stosunkowo niewielkim zysku mocy. Rozszerzaj\u0105c punkt widzenia, nale\u017cy zauwa\u017cy\u0107, \u017ce drugim, niezaleznym sposobem umo\u017cliwianie osi\u0105gni\u0119cia celu jest zbli\u017canie \u017cr&oacute;de\u0142 do siebie. Jesli chodzi o promieniowanie bezpo\u015brenio z mebrany, to mo\u017cliwo\u015bci s\u0105 z g&oacute;ry ograniczone, jednak je\u015bli zast\u0105pimy membran\u0119 promieniuj\u0105c\u0105 wylotem tuby, zyskamy now\u0105 mo\u017cliwo\u015b\u0107. Przy tej samej powierzchni promieniuj\u0105cej d\u0142u\u017csze \u017cr&oacute;d\u0142a s\u0105 bardziej w\u0105skie, mo\u017cna je wyd\u0142u\u017cy\u0107 i zbli\u017cy\u0107 do siebie. \u0141\u0105cz\u0105c oba sposoby &#8211; COLINEAR w systemach HLA212 i HLA12 wykorzystuje dodatkowe mocniejsze \u017cr&oacute;d\u0142o &#8211; g\u0142o\u015bnik o rozmiarze 6 lub 8&#39;&#39; w tubie ze swoim korektorem fazy, falowodem wyr&oacute;wnanym liniowo. Dzi\u0119ki wyd\u0142u\u017ceniu zr&oacute;d\u0142a w pionie zw\u0119\u017cone \u017cr&oacute;d\u0142o \u015bredniotonowe mo\u017cna zintegrowa\u0107 we wspolnej tubie z zr&oacute;d\u0142em wysokotonowym. To rozwiazanie ma 3 zalety. Podzia\u0142 ni\u017cszy wynosi zaledwie 400Hz, co umo\u017cliwia w najni\u017cszym pa\u015bmie zastosowanie du\u017cych g\u0142o\u015bnik&oacute;w w tubie z du\u017cym wylotem o du\u017cej sprawno\u015bci. Jednocze\u015bnie, co najwa\u017cniejsze, za spraw\u0105 wyd\u0142u\u017cenia, zintegrowania koncepcja umo\u017cliwi\u0142a znaczne zbli\u017cenia \u017cr&oacute;de\u0142 \u015brednio i wysokotonowych, mo\u017cna zastosowa\u0107 wysoki podzia\u0142 rz\u0119du nawet 2kHz i standardowe drivery z cewkami 1,75&#39;&#39;. W efekcie, kosztem dodatkowych falowod&oacute;w, powstaje mocniejsze, bardziej sprawne w zakresie najni\u017cszych cz\u0119stotliwo\u015bci, sp&oacute;jne od ni\u017cszych cz\u0119stgotliwo\u015bci, w obu p\u0142aszczyznach \u017ar&oacute;d\u0142o, jeszcze bardziej zbli\u017cone do idea\u0142u.<\/p>\n","protected":false},"excerpt":{"rendered":"<p>Colinear array to idea sp&oacute;jnego \u017cr&oacute;d\u0142a w obu p\u0142aszczyznach promieniowania. Wykonuj\u0105c pomiary system&oacute;w wyr&oacute;wnanych liniowo, obserwuj\u0105c systemy dost\u0119pne na rynku, mo\u017cna zauwa\u017cy\u0107, \u017ce ca\u0142a uwaga konstruktor&oacute;w skupi\u0142a si\u0119 g\u0142&oacute;wnie na uzyskaniu sp&oacute;jno\u015bci fazowej \u017cr&oacute;d\u0142a w p\u0142aszczy\u017cnie pionowej. I s\u0142usznie, niemniej w p\u0142aszczy\u017cnie poziomej wi\u0119kszo\u015b\u0107 system&oacute;w posiada wady starszych rozwi\u0105za\u0144, gdy\u017c sk\u0142ada si\u0119 najcz\u0119sciej z dw&oacute;ch \u017cr&oacute;de\u0142 ( w systemie dwudro\u017cnym) zbytnio oddalonych od siebie w stosunku do cz\u0119stotliwo\u015bci, kt&oacute;re promieniuj\u0105. W przypadku nie wyr&oacute;wnanych zr&oacute;de\u0142 dwudro\u017cnych mo\u017cna je przedstawi\u0107 w przybli\u017ceniu jako dwa oddalone punkty. W tym przypadku rozwi\u0105za\u0107 problem mo\u017cna stosuj\u0105c przetworniki umieszczopne na wsp&oacute;lnej osi, nazywane coaxial. Idea tego rozwi\u0105zania polega na tym, \u017ce punkty zr&oacute;de\u0142 le\u017c\u0105 na wsp&oacute;lnej osi, a najlepiej w tym samym punkcie. Zalety zr&oacute;de\u0142 coaxial s\u0105 powszechnie znane. W systemach wyr&oacute;wnanych liniowo, w kontek\u015bcie ca\u0142ego grona, ze wzgl\u0119du na wyr&oacute;wnanie, nale\u017cy przedstawia\u0107 \u017cr&oacute;d\u0142a nie jako punkty, ale jako linie. Odleg\u0142o\u015b\u0107 pomi\u0119dzy tymi liniami jest kluczowa, z punktu widzenia czy zr&oacute;d\u0142o mo\u017cna potraktowa\u0107 jako sp&oacute;jne w p\u0142aszczy\u017cnie poziomej. Idea Colinear Array polega na stworzeniu systemu, kt&oacute;rego&nbsp;zr&oacute;d\u0142a promieniuj\u0105ce r&oacute;\u017cne cz\u0119stotliwo\u015bci, mo\u017cna zast\u0105pi\u0107 liniami promieniuj\u0105cymi, kt&oacute;re s\u0105 wsp&oacute;lne.&nbsp;Taki system, jest zr&oacute;d\u0142em wsp&oacute;\u0142liniowym rozproszonym, analogicznym do zestaw&oacute;w punktowych coaxial, kt&oacute;re pomimo swoich zalet, nie mo\u017cna zestawia\u0107 ze sob\u0105, [&hellip;]<\/p>\n","protected":false},"author":1,"featured_media":0,"parent":0,"menu_order":0,"comment_status":"open","ping_status":"open","template":"","meta":{"footnotes":""},"_links":{"self":[{"href":"https:\/\/dr-aus.pl\/index.php?rest_route=\/wp\/v2\/pages\/103"}],"collection":[{"href":"https:\/\/dr-aus.pl\/index.php?rest_route=\/wp\/v2\/pages"}],"about":[{"href":"https:\/\/dr-aus.pl\/index.php?rest_route=\/wp\/v2\/types\/page"}],"author":[{"embeddable":true,"href":"https:\/\/dr-aus.pl\/index.php?rest_route=\/wp\/v2\/users\/1"}],"replies":[{"embeddable":true,"href":"https:\/\/dr-aus.pl\/index.php?rest_route=%2Fwp%2Fv2%2Fcomments&post=103"}],"version-history":[{"count":14,"href":"https:\/\/dr-aus.pl\/index.php?rest_route=\/wp\/v2\/pages\/103\/revisions"}],"predecessor-version":[{"id":297,"href":"https:\/\/dr-aus.pl\/index.php?rest_route=\/wp\/v2\/pages\/103\/revisions\/297"}],"wp:attachment":[{"href":"https:\/\/dr-aus.pl\/index.php?rest_route=%2Fwp%2Fv2%2Fmedia&parent=103"}],"curies":[{"name":"wp","href":"https:\/\/api.w.org\/{rel}","templated":true}]}}